{"id":102,"date":"2025-03-19T11:13:08","date_gmt":"2025-03-19T10:13:08","guid":{"rendered":"https:\/\/censorsekretariatet.censorum.dk\/?page_id=102"},"modified":"2026-04-17T14:28:49","modified_gmt":"2026-04-17T12:28:49","slug":"eksaminatorer","status":"publish","type":"page","link":"https:\/\/censorsekretariatet.dk\/?page_id=102","title":{"rendered":"Eksaminatorer"},"content":{"rendered":"\n<div class=\"wp-block-group is-nowrap is-layout-flex wp-container-core-group-is-layout-ad2f72ca wp-block-group-is-layout-flex\">\n<p>Eksaminatorernes rolle er at eksaminere samt sikre og guide de studerende igennem en fair eksamen i samarbejde med censor.<br>Eksaminator s\u00f8rger for at forberede de studerende, hj\u00e6lpe med praktiske foranstaltninger, og vejleder de studerende op til eksamen.<br>Eksaminator sikrer igennem aftale med censor, at eksamen bygger p\u00e5 dialog. Eksaminator karakterfasts\u00e6tter sammen med censor under votering. <br><\/p>\n\n\n\n<figure class=\"wp-block-image size-full is-resized\"><img loading=\"lazy\" decoding=\"async\" width=\"454\" height=\"248\" src=\"https:\/\/censorsekretariatet.censorum.dk\/wp-content\/uploads\/2026\/04\/Logo-Hat.jpg\" alt=\"\" class=\"wp-image-975\" style=\"aspect-ratio:1.83069749858232;width:126px;height:auto\" srcset=\"https:\/\/censorsekretariatet.dk\/wp-content\/uploads\/2026\/04\/Logo-Hat.jpg 454w, https:\/\/censorsekretariatet.dk\/wp-content\/uploads\/2026\/04\/Logo-Hat-300x164.jpg 300w\" sizes=\"auto, (max-width: 454px) 100vw, 454px\" \/><\/figure>\n<\/div>\n\n\n\n<p><\/p>\n\n\n\n<p>Som eksaminator har du en vigtig rolle i forhold til censor. Det er meget vigtigt at du som eksaminator tager godt imod censor og laver en forventningsafstemning forud for eksamen. Endvidere er det vigtigt, at censor forsynes med al n\u00f8dvendig materiale, s\u00e5ledes at der ikke opst\u00e5r tvivlssp\u00f8rgsm\u00e5l i forbindelse med afvikling af det eksterne censorat. <\/p>\n\n\n\n<p>N\u00e5r eksamen er afviklet er det vigtigt, at du som eksaminator udfylder din eksaminatorrapport, s\u00e5ledes det bliver muligt for censorledelsen at evaluere censors rolle i forhold til den specifikke eksamen. Nedenst\u00e5ende finder du mere og andet materiale, som guider dig i rollen som eksaminator i forhold til afholdelse af ekstern censur.<\/p>\n\n\n<div ><style>#sp-ea-905 .spcollapsing { height: 0; overflow: hidden; transition-property: height;transition-duration: 300ms;}#sp-ea-905.sp-easy-accordion>.sp-ea-single {margin-bottom: 10px; border: 1px none #e2e2e2; }#sp-ea-905.sp-easy-accordion>.sp-ea-single>.ea-header a {color: #444;}#sp-ea-905.sp-easy-accordion>.sp-ea-single>.sp-collapse>.ea-body {background: #fff; color: #444;}#sp-ea-905.sp-easy-accordion>.sp-ea-single {background: #ffffff;}#sp-ea-905.sp-easy-accordion>.sp-ea-single>.ea-header a .ea-expand-icon { float: left; color: #444;font-size: 16px;}<\/style><div id=\"sp_easy_accordion-1776072402\"><div id=\"sp-ea-905\" class=\"sp-ea-one sp-easy-accordion\" data-ea-active=\"ea-click\" data-ea-mode=\"vertical\" data-preloader=\"\" data-scroll-active-item=\"\" data-offset-to-scroll=\"0\"><div class=\"ea-card sp-ea-single\"><h3 class=\"ea-header\"><a class=\"collapsed\" id=\"ea-header-9050\" role=\"button\" data-sptoggle=\"spcollapse\" data-sptarget=\"#collapse9050\" aria-controls=\"collapse9050\" href=\"#\" aria-expanded=\"false\" tabindex=\"0\"><i aria-hidden=\"true\" role=\"presentation\" class=\"ea-expand-icon eap-icon-ea-expand-plus\"><\/i> Introduktion til eksaminators virke<\/a><\/h3><div class=\"sp-collapse spcollapse spcollapse\" id=\"collapse9050\" data-parent=\"#sp-ea-905\" role=\"region\" aria-labelledby=\"ea-header-9050\"> <div class=\"ea-body\"><p>Herunder finder du introduktion til dit virke som eksaminator. Introduktionen er delt op efter, hvad rollen som eksaminator bl.a. indeb\u00e6rer f\u00f8r, under og efter eksamen.<\/p><style>#sp-ea-906 .spcollapsing { height: 0; overflow: hidden; transition-property: height;transition-duration: 300ms;}#sp-ea-906.sp-easy-accordion>.sp-ea-single {margin-bottom: 10px; border: 1px none #e2e2e2; }#sp-ea-906.sp-easy-accordion>.sp-ea-single>.ea-header a {color: #444;}#sp-ea-906.sp-easy-accordion>.sp-ea-single>.sp-collapse>.ea-body {background: #fff; color: #444;}#sp-ea-906.sp-easy-accordion>.sp-ea-single {background: #ffffff;}#sp-ea-906.sp-easy-accordion>.sp-ea-single>.ea-header a .ea-expand-icon { float: left; color: #444;font-size: 16px;}<\/style><div id=\"sp_easy_accordion-1776076551\"><div id=\"sp-ea-906\" class=\"sp-ea-one sp-easy-accordion\" data-ea-active=\"ea-click\" data-ea-mode=\"vertical\" data-preloader=\"\" data-scroll-active-item=\"\" data-offset-to-scroll=\"0\"><div class=\"ea-card sp-ea-single\"><h3 class=\"ea-header\"><a class=\"collapsed\" id=\"ea-header-9060\" role=\"button\" data-sptoggle=\"spcollapse\" data-sptarget=\"#collapse9060\" aria-controls=\"collapse9060\" href=\"#\" aria-expanded=\"false\" tabindex=\"0\"><i aria-hidden=\"true\" role=\"presentation\" class=\"ea-expand-icon eap-icon-ea-expand-plus\"><\/i> F\u00f8r eksamen<\/a><\/h3><div class=\"sp-collapse spcollapse spcollapse\" id=\"collapse9060\" data-parent=\"#sp-ea-906\" role=\"region\" aria-labelledby=\"ea-header-9060\"> <div class=\"ea-body\"><p><strong>Bestilling af censor<\/strong><\/p><p>Som eksaminator er det vigtigt, at du i god tid f\u00f8r eksamensdato eksempelvis f\u00e5r oplyst eksamensplanl\u00e6gger om:<\/p><ul><li>Hvorn\u00e5r eksamen afholdes &#8211; herunder dato og eventuelt tidspunkt<\/li><li>Antallet af forventede eksaminander<\/li><\/ul><p>Fors\u00f8g at v\u00e6re fleksibel i forhold til, hvad der kan lade sig g\u00f8re i forhold til censor &#8211; ogs\u00e5 ang\u00e5ende tidspunkt, eksamensdato osv.<\/p><p><strong><u>Vigtigt:<\/u>\u00a0<\/strong>Som eksaminator kan du v\u00e6re opm\u00e6rksom p\u00e5, om den censor du skal sidde sammen med til den p\u00e5g\u00e6ldende eksamen er eller har v\u00e6ret din kollega inden for de seneste to \u00e5r. Dette g\u00e6lder ogs\u00e5, hvis censor har v\u00e6ret ansat som eksempelvis timel\u00e6rer, eksaminator ved interne pr\u00f8ver, vejleder, udl\u00e5nt fra anden institution, osv. Hvis ovenst\u00e5ende er tilf\u00e6ldet, er det\u00a0<u>ikke<\/u>\u00a0tilladt for censor at deltage ved den p\u00e5g\u00e6ldende eksamen, jf. censorbekendtg\u00f8relsens \u00a7 17.<\/p><p><strong>Forventningsafstemning<\/strong><\/p><p>Forud for eksamen er det en god id\u00e9 at foretage en forventningsafstemning med censor for at undg\u00e5 eventuelle uoverensstemmelser.<\/p><p>Som eksaminator er det derved v\u00e6sentligt at vide, hvad censors rolle indeb\u00e6rer.<\/p><p>Censors opgave er at p\u00e5se, at eksamen foreg\u00e5r i overensstemmelse med de m\u00e5l og \u00f8vrige krav, der er sat for denne. Derudover medvirker censor til at p\u00e5se, at denne gennemf\u00f8res i overensstemmelse med de g\u00e6ldende regler samt medvirker til og p\u00e5ser, at de studerende f\u00e5r en ensartet og retf\u00e6rdig behandling, og at deres pr\u00e6stationer f\u00e5r en p\u00e5lidelig bed\u00f8mmelse.<\/p><p><strong>Den gode adf\u00e6rd som eksaminator (f\u00f8r eksamen)<\/strong><\/p><ul><li>Kom i god tid inden eksamen begynder. P\u00e5 den m\u00e5de er der ogs\u00e5 god tid til at forventningsafstemme og skabe den gode dialog med censor inden eksamensstart<\/li><li>Fremst\u00e5 positiv og pragmatisk<\/li><\/ul><p><strong>Tavshedspligt<\/strong><\/p><p>Eksaminatorerne er p\u00e5 samme m\u00e5de som censorerne omfattet af forvaltningslovens bestemmelser om tavshedspligt.<\/p><p><strong>Habilitet<\/strong><\/p><p>Eksaminatorerne er p\u00e5 samme m\u00e5de som censorerne omfattet af forvaltningslovens bestemmelser om habilitet.<\/p><\/div><\/div><\/div><div class=\"ea-card sp-ea-single\"><h3 class=\"ea-header\"><a class=\"collapsed\" id=\"ea-header-9061\" role=\"button\" data-sptoggle=\"spcollapse\" data-sptarget=\"#collapse9061\" aria-controls=\"collapse9061\" href=\"#\" aria-expanded=\"false\" tabindex=\"0\"><i aria-hidden=\"true\" role=\"presentation\" class=\"ea-expand-icon eap-icon-ea-expand-plus\"><\/i> Under eksamen<\/a><\/h3><div class=\"sp-collapse spcollapse spcollapse\" id=\"collapse9061\" data-parent=\"#sp-ea-906\" role=\"region\" aria-labelledby=\"ea-header-9061\"> <div class=\"ea-body\"><p><strong>Hvad skal eksaminator blandt andet v\u00e6re opm\u00e6rksom p\u00e5 under eksamen?<\/strong><\/p><p>Eksaminator skal v\u00e6re opm\u00e6rksom p\u00e5 om censor:<\/p><ul><li>Har indg\u00e5ende og aktuelt kendskab til uddannelseselementets foruds\u00e6tninger, m\u00e5l og metoder<\/li><li>Har specifik kompetence inden for et eller flere faglige delomr\u00e5der, som indg\u00e5r i uddannelsen<\/li><li>Har aktuel viden om uddannelsens anvendelsesmuligheder, herunder have kendskab til aftagernes situation og behov<\/li><\/ul><p><strong>Notatpligt<\/strong><\/p><p>Eksaminator og censor skal igennem forl\u00f8bet g\u00f8re notater om pr\u00e6sentationer og karakterfasts\u00e6ttelse til brug ved udarbejdelse af en eventuel klagesag. Notaterne skal opbevares i mindst 1 \u00e5r, og herudover indtil en eventuel klagesag er afsluttet. I den forbindelse er det vigtigt at g\u00f8re opm\u00e6rksom p\u00e5, at studerende kan bede om aktindsigt i notaterne i forbindelse med en eventuel klagesag.<\/p><p><strong>Tavshedspligt og inhabilitet<\/strong><\/p><p>Eksaminatorerne er p\u00e5 samme m\u00e5de som censorerne omfattet af forvaltningslovens bestemmelser om habilitet og tavshedspligt.<\/p><p><strong>Plagiering<\/strong><\/p><p>Hvorvidt der er tale om plagiering er overordnet institutionens ansvar. Opdages der dog f\u00f8rst plagiering under selve eksamen, bortvises den studerende.<\/p><p><strong>Den gode adf\u00e6rd som eksaminator (under eksamen)<\/strong><\/p><ul><li>Fremst\u00e5 positiv og pragmatisk<\/li><li>Accept\u00e9r forskelligheder<\/li><li>Skab den gode dialog med afs\u00e6t i faglig viden fx via gode sp\u00f8rgeteknikker<\/li><li>Det er vigtigt, at censorerne ikke overtager eksaminationen. Det er derfor v\u00e6sentligt med forventningsafstemning f\u00f8r eksamensstart<\/li><li>Fokus p\u00e5 den studerende<\/li><li>Husk notatpligten<\/li><\/ul><p><strong>Votering<\/strong><\/p><p>Voteringen er <strong>IKKE<\/strong> offentlig. Der er under en votering kun adgang for bed\u00f8mmerne. Den studerende skal tage alle sine ting med ud af lokalet under voteringen.<\/p><p>Karakteren tager kun afs\u00e6t i selve eksaminationen med afs\u00e6t i studieordningens m\u00e5ls\u00e6tning og karakterbekendtg\u00f8relsen. Tilbagemelding sker i henhold til 7-trinsskalaens formuleringer. Se herunder:<\/p><p><img loading=\"lazy\" decoding=\"async\" class=\"alignnone size-medium wp-image-908\" src=\"https:\/\/censorsekretariatet.censorum.dk\/wp-content\/uploads\/2026\/04\/Karakterskala_1-289x300.jpg\" alt=\"\" width=\"289\" height=\"300\" srcset=\"https:\/\/censorsekretariatet.dk\/wp-content\/uploads\/2026\/04\/Karakterskala_1-289x300.jpg 289w, https:\/\/censorsekretariatet.dk\/wp-content\/uploads\/2026\/04\/Karakterskala_1.jpg 482w\" sizes=\"auto, (max-width: 289px) 100vw, 289px\" \/><\/p><p><strong>Ved uenighed om karakter<\/strong><br \/>Er eksaminator og censor ikke enige om karakteren, giver de hver en karakter. Karakteren for pr\u00f8ven er gennemsnittet af disse karakterer afrundet til n\u00e6rmeste karakter i karakterskalaen. Ligger gennemsnittet midt i mellem to karakterer, er den endelige karakter n\u00e6rmeste h\u00f8jere karakter, hvis censor har givet den h\u00f8jeste karakter, og ellers n\u00e6rmeste lavere karakter.<\/p><p>Er eksaminator og censor ikke enige om, hvorvidt pr\u00e6stationen skal bed\u00f8mmes til \u00bbbest\u00e5et\u00ab eller \u00bbikke best\u00e5et\u00ab, er censors bed\u00f8mmelse afg\u00f8rende.<\/p><\/div><\/div><\/div><div class=\"ea-card sp-ea-single\"><h3 class=\"ea-header\"><a class=\"collapsed\" id=\"ea-header-9062\" role=\"button\" data-sptoggle=\"spcollapse\" data-sptarget=\"#collapse9062\" aria-controls=\"collapse9062\" href=\"#\" aria-expanded=\"false\" tabindex=\"0\"><i aria-hidden=\"true\" role=\"presentation\" class=\"ea-expand-icon eap-icon-ea-expand-plus\"><\/i> Efter eksamen<\/a><\/h3><div class=\"sp-collapse spcollapse spcollapse\" id=\"collapse9062\" data-parent=\"#sp-ea-906\" role=\"region\" aria-labelledby=\"ea-header-9062\"> <div class=\"ea-body\"><p><strong>Eksaminator- og censorrapporter (eksamensberetninger)<\/strong><\/p><p>Eksamensberetninger skal udfyldes umiddelbart efter endt eksamen og er helt centrale for kvalitetssikringen af eksamener og uddannelser. Eksamensberetningerne er censorledelsernes vigtigste redskab i kvalitetssikringsarbejdet og danner baggrund for den \u00e5rlige \u00e5rsberetning. Derfor har beretningens indhold stor betydning, uanset om indholdet er af positiv karakter med eksempler p\u00e5, hvad der fungerer godt eller om der, med udgangspunkt i det afholdte eksamensforl\u00f8b, er behov for forbedring for at kunne sikre uddannelsens kvalitet, relevans og de studerendes eksamen.<\/p><p>Ud fra beretningerne vil censorledelserne foretage de n\u00f8dvendige tiltag, hvis de vurderer, at der er forhold, som institutionen eller censorerne kan forbedre.<\/p><p>Du udfylder eksamensberetningen ved at:<\/p><p>Logge ind p\u00e5 din profil p\u00e5 Censorum.dk<\/p><ul><li>G\u00e5 ind under &#8216;Mine eksamener&#8217;<\/li><li>Find den aktuelle pr\u00f8ve<\/li><li>Udfyld eksamensberetningen<\/li><li>Tryk\u00a0<em>&#8216;<\/em><em>indsend&#8217;<\/em> n\u00e5r beretningen er udfyldt.<\/li><\/ul><p><strong>V\u00e6r opm\u00e6rksom p\u00e5, at ALLE sp\u00f8rgsm\u00e5l i eksamensberetningen skal besvares, f\u00f8r den kan indsendes!<\/strong><\/p><p>Sp\u00f8rgsm\u00e5l i eksamensberetningen:<\/p><ul><li>Blev der indledningsvist lavet en forventningsafstemning i forhold til pr\u00f8vens gennemf\u00f8rsel mellem dig og censor?<\/li><li>Oplevede du censors forberedelse til pr\u00f8ven som tilfredsstillende?<\/li><li>Virkede censors faglige kompetencer relevante i forhold til l\u00e6ringsm\u00e5lene?<\/li><li>Har der overvejende v\u00e6ret enighed om bed\u00f8mmelsen af den\/de enkelte studerende?<\/li><li>I hvilket omfang tog censor noter i forhold til den enkelte studerendes pr\u00e6station?<\/li><li>Medvirkede censor til at overholde tidsplanen?<\/li><li>Var censors adf\u00e6rd og kommunikation tilfredsstillende?<\/li><li>Havde censor samlet set forst\u00e5et sin rolle som censor?<\/li><li>Var samarbejdet mellem dig og censor samlet set velfungerende?<\/li><li>Hvad er din samlede vurdering af pr\u00f8vens gennemf\u00f8relse?<\/li><\/ul><p><strong>Klage over eksamen og notatpligt<\/strong><\/p><p>Den studerende kan indgive en skriftlig klage til uddannelsesinstitutionen over retlige og faglige sp\u00f8rgsm\u00e5l, herunder pr\u00f8veforl\u00f8bet, jf. eksamensbekendtg\u00f8relsen. Klagefristen er p\u00e5 2 uger, efter bed\u00f8mmelsen er meddelt til den studerende.<\/p><p>En udtalelse ang\u00e5ende klagen tager afs\u00e6t i notatpligten &#8211; her er det vigtigt med tydelige henvisninger til m\u00e5lbeskrivelser og karakterbekendtg\u00f8relsen.<\/p><p>Notaterne, der er taget under eksamen, skal opbevares i 1 \u00e5r.<\/p><\/div><\/div><\/div><\/div><\/div><p>&nbsp;<\/p><\/div><\/div><\/div><div class=\"ea-card sp-ea-single\"><h3 class=\"ea-header\"><a class=\"collapsed\" id=\"ea-header-9051\" role=\"button\" data-sptoggle=\"spcollapse\" data-sptarget=\"#collapse9051\" aria-controls=\"collapse9051\" href=\"#\" aria-expanded=\"false\" tabindex=\"0\"><i aria-hidden=\"true\" role=\"presentation\" class=\"ea-expand-icon eap-icon-ea-expand-plus\"><\/i> Vejledning til din profil p\u00e5 Censorum<\/a><\/h3><div class=\"sp-collapse spcollapse spcollapse\" id=\"collapse9051\" data-parent=\"#sp-ea-905\" role=\"region\" aria-labelledby=\"ea-header-9051\"> <div class=\"ea-body\"><p>Klik p\u00e5 f\u00f8lgende link for at finde vejledninger til Censorum: <a href=\"https:\/\/help.censorum.dk\/\">Hj\u00e6lp til censorum.dk<\/a><\/p><p>&nbsp;<\/p><p>&nbsp;<\/p><\/div><\/div><\/div><\/div><\/div><\/div>","protected":false},"excerpt":{"rendered":"<p>Eksaminatorernes rolle er at eksaminere samt sikre og guide de studerende igennem en fair eksamen i samarbejde med censor.Eksaminator s\u00f8rger for at forberede de studerende, hj\u00e6lpe med praktiske foranstaltninger, og vejleder de studerende op til eksamen.Eksaminator sikrer igennem aftale med censor, at eksamen bygger p\u00e5 dialog. Eksaminator karakterfasts\u00e6tter sammen med censor under votering. Som eksaminator &#8230; <a title=\"Eksaminatorer\" class=\"read-more\" href=\"https:\/\/censorsekretariatet.dk\/?page_id=102\" aria-label=\"Read more about Eksaminatorer\">Read more<\/a><\/p>\n","protected":false},"author":1,"featured_media":0,"parent":0,"menu_order":0,"comment_status":"closed","ping_status":"closed","template":"","meta":{"footnotes":""},"class_list":["post-102","page","type-page","status-publish"],"_links":{"self":[{"href":"https:\/\/censorsekretariatet.dk\/index.php?rest_route=\/wp\/v2\/pages\/102","targetHints":{"allow":["GET"]}}],"collection":[{"href":"https:\/\/censorsekretariatet.dk\/index.php?rest_route=\/wp\/v2\/pages"}],"about":[{"href":"https:\/\/censorsekretariatet.dk\/index.php?rest_route=\/wp\/v2\/types\/page"}],"author":[{"embeddable":true,"href":"https:\/\/censorsekretariatet.dk\/index.php?rest_route=\/wp\/v2\/users\/1"}],"replies":[{"embeddable":true,"href":"https:\/\/censorsekretariatet.dk\/index.php?rest_route=%2Fwp%2Fv2%2Fcomments&post=102"}],"version-history":[{"count":9,"href":"https:\/\/censorsekretariatet.dk\/index.php?rest_route=\/wp\/v2\/pages\/102\/revisions"}],"predecessor-version":[{"id":1065,"href":"https:\/\/censorsekretariatet.dk\/index.php?rest_route=\/wp\/v2\/pages\/102\/revisions\/1065"}],"wp:attachment":[{"href":"https:\/\/censorsekretariatet.dk\/index.php?rest_route=%2Fwp%2Fv2%2Fmedia&parent=102"}],"curies":[{"name":"wp","href":"https:\/\/api.w.org\/{rel}","templated":true}]}}