{"id":11,"date":"2025-03-14T14:07:02","date_gmt":"2025-03-14T13:07:02","guid":{"rendered":"https:\/\/censorsekretariatet.censorum.dk\/?page_id=11"},"modified":"2026-04-20T10:48:26","modified_gmt":"2026-04-20T08:48:26","slug":"velkommen-til-erhvervsakademiernes-censorsekretariatet","status":"publish","type":"page","link":"https:\/\/censorsekretariatet.dk\/","title":{"rendered":"Velkommen til Erhvervsakademiernes Censorsekretariat"},"content":{"rendered":"<div class=\"wp-block-image\">\n<figure class=\"alignright size-full\"><img loading=\"lazy\" decoding=\"async\" width=\"350\" height=\"247\" src=\"https:\/\/censorsekretariatet.dk\/wp-content\/uploads\/2025\/03\/lille_skoleskib.png\" alt=\"\" class=\"wp-image-28\" srcset=\"https:\/\/censorsekretariatet.dk\/wp-content\/uploads\/2025\/03\/lille_skoleskib.png 350w, https:\/\/censorsekretariatet.dk\/wp-content\/uploads\/2025\/03\/lille_skoleskib-300x212.png 300w\" sizes=\"auto, (max-width: 350px) 100vw, 350px\" \/><\/figure>\n<\/div>\n\n\n<p>Censorsekretariatet yder administrativ og praktisk bistand til de landsd\u00e6kkende censorledelser under Uddannelses- og Forskningsstyrelsen.<br>Vi fungerer som det centrale bindeled mellem censorer og uddannelsesinstitutioner og har til opgave at sikre en effektiv og sammenh\u00e6ngende administration af censorinstitutionens f\u00e6lles interesser.<br><\/p>\n\n\n\n<p><\/p>\n\n\n\n<p><\/p>\n\n\n\n<p><\/p>\n\n\n\n<p>Herunder finder du l\u00f8bende relevante nyheder:<\/p>\n\n\n\n<hr class=\"wp-block-separator has-alpha-channel-opacity\"\/>\n\n\n<ul class=\"wp-block-latest-posts__list wp-block-latest-posts\"><li><a class=\"wp-block-latest-posts__post-title\" href=\"https:\/\/censorsekretariatet.dk\/?p=1008\">Log ind p\u00e5 Censorum via censorum.dk<\/a><\/li>\n<li><a class=\"wp-block-latest-posts__post-title\" href=\"https:\/\/censorsekretariatet.dk\/?p=241\">Velkommen til den nye hjemmeside<\/a><\/li>\n<\/ul>\n\n\n<p><\/p>\n","protected":false},"excerpt":{"rendered":"<p>Censorsekretariatet yder administrativ og praktisk bistand til de landsd\u00e6kkende censorledelser under Uddannelses- og Forskningsstyrelsen.Vi fungerer som det centrale bindeled mellem censorer og uddannelsesinstitutioner og har til opgave at sikre en effektiv og sammenh\u00e6ngende administration af censorinstitutionens f\u00e6lles interesser. Herunder finder du l\u00f8bende relevante nyheder:<\/p>\n","protected":false},"author":3,"featured_media":0,"parent":0,"menu_order":0,"comment_status":"closed","ping_status":"closed","template":"","meta":{"footnotes":""},"class_list":["post-11","page","type-page","status-publish"],"_links":{"self":[{"href":"https:\/\/censorsekretariatet.dk\/index.php?rest_route=\/wp\/v2\/pages\/11","targetHints":{"allow":["GET"]}}],"collection":[{"href":"https:\/\/censorsekretariatet.dk\/index.php?rest_route=\/wp\/v2\/pages"}],"about":[{"href":"https:\/\/censorsekretariatet.dk\/index.php?rest_route=\/wp\/v2\/types\/page"}],"author":[{"embeddable":true,"href":"https:\/\/censorsekretariatet.dk\/index.php?rest_route=\/wp\/v2\/users\/3"}],"replies":[{"embeddable":true,"href":"https:\/\/censorsekretariatet.dk\/index.php?rest_route=%2Fwp%2Fv2%2Fcomments&post=11"}],"version-history":[{"count":16,"href":"https:\/\/censorsekretariatet.dk\/index.php?rest_route=\/wp\/v2\/pages\/11\/revisions"}],"predecessor-version":[{"id":1085,"href":"https:\/\/censorsekretariatet.dk\/index.php?rest_route=\/wp\/v2\/pages\/11\/revisions\/1085"}],"wp:attachment":[{"href":"https:\/\/censorsekretariatet.dk\/index.php?rest_route=%2Fwp%2Fv2%2Fmedia&parent=11"}],"curies":[{"name":"wp","href":"https:\/\/api.w.org\/{rel}","templated":true}]}}