{"id":112,"date":"2025-03-19T11:14:17","date_gmt":"2025-03-19T10:14:17","guid":{"rendered":"https:\/\/censorsekretariatet.censorum.dk\/?page_id=112"},"modified":"2026-02-17T10:57:50","modified_gmt":"2026-02-17T09:57:50","slug":"introduktion-til-censors-virke","status":"publish","type":"page","link":"https:\/\/censorsekretariatet.dk\/?page_id=112","title":{"rendered":"Introduktion til censors virke"},"content":{"rendered":"\n<p>Nedenst\u00e5ende findes en introduktionsvideo, som har til form\u00e5l at kl\u00e6de dig p\u00e5 til din rolle som censor. Videoen giver et overordnet indblik i alt, du b\u00f8r vide i forbindelse med dit virke som censor.&nbsp;<\/p>\n\n\n\n<iframe loading=\"lazy\" src=\"https:\/\/www.facebook.com\/plugins\/video.php?height=314&#038;href=https%3A%2F%2Fwww.facebook.com%2Fcensorsekretariatetdk%2Fvideos%2F768476734973431%2F&#038;show_text=false&#038;width=560&#038;t=0\" width=\"560\" height=\"314\" style=\"border:none;overflow:hidden\" scrolling=\"no\" frameborder=\"0\" allowfullscreen=\"true\" allow=\"autoplay; clipboard-write; encrypted-media; picture-in-picture; web-share\" allowFullScreen=\"true\"><\/iframe>\n\n\n\n<p><\/p>\n\n\n\n<p>Den skriftlige introduktion findes her: <a href=\"https:\/\/censorsekretariatet.censorum.dk\/wp-content\/uploads\/2025\/06\/Introduktion_til_censorer.pdf\" data-type=\"attachment\" data-id=\"296\">Introduktion til censors virke<\/a><\/p>\n\n\n\n<p>Rigtig god forn\u00f8jelse!<\/p>\n\n\n\n<p><\/p>\n","protected":false},"excerpt":{"rendered":"<p>Nedenst\u00e5ende findes en introduktionsvideo, som har til form\u00e5l at kl\u00e6de dig p\u00e5 til din rolle som censor. Videoen giver et overordnet indblik i alt, du b\u00f8r vide i forbindelse med dit virke som censor.&nbsp; Den skriftlige introduktion findes her: Introduktion til censors virke Rigtig god forn\u00f8jelse!<\/p>\n","protected":false},"author":1,"featured_media":0,"parent":0,"menu_order":0,"comment_status":"closed","ping_status":"closed","template":"","meta":{"footnotes":""},"class_list":["post-112","page","type-page","status-publish"],"_links":{"self":[{"href":"https:\/\/censorsekretariatet.dk\/index.php?rest_route=\/wp\/v2\/pages\/112","targetHints":{"allow":["GET"]}}],"collection":[{"href":"https:\/\/censorsekretariatet.dk\/index.php?rest_route=\/wp\/v2\/pages"}],"about":[{"href":"https:\/\/censorsekretariatet.dk\/index.php?rest_route=\/wp\/v2\/types\/page"}],"author":[{"embeddable":true,"href":"https:\/\/censorsekretariatet.dk\/index.php?rest_route=\/wp\/v2\/users\/1"}],"replies":[{"embeddable":true,"href":"https:\/\/censorsekretariatet.dk\/index.php?rest_route=%2Fwp%2Fv2%2Fcomments&post=112"}],"version-history":[{"count":5,"href":"https:\/\/censorsekretariatet.dk\/index.php?rest_route=\/wp\/v2\/pages\/112\/revisions"}],"predecessor-version":[{"id":474,"href":"https:\/\/censorsekretariatet.dk\/index.php?rest_route=\/wp\/v2\/pages\/112\/revisions\/474"}],"wp:attachment":[{"href":"https:\/\/censorsekretariatet.dk\/index.php?rest_route=%2Fwp%2Fv2%2Fmedia&parent=112"}],"curies":[{"name":"wp","href":"https:\/\/api.w.org\/{rel}","templated":true}]}}