{"id":115,"date":"2025-03-19T11:14:38","date_gmt":"2025-03-19T10:14:38","guid":{"rendered":"https:\/\/censorsekretariatet.censorum.dk\/?page_id=115"},"modified":"2025-03-21T12:34:07","modified_gmt":"2025-03-21T11:34:07","slug":"procedure-ved-afbud-til-censoropgave","status":"publish","type":"page","link":"https:\/\/censorsekretariatet.dk\/?page_id=115","title":{"rendered":"Procedure ved afbud til censoropgave"},"content":{"rendered":"\n<p>Hvis du bliver n\u00f8dsaget til at melde afbud til en censoropgave, skal du <strong><u>hurtigst muligt<\/u><\/strong> melde afbud til b\u00e5de Censorsekretariatet og den eksamensafholdende uddannelsesinstitution. Du kan finde kontaktoplysninger p\u00e5 uddannelsesinstitutionens kontaktperson i din allokeringsmail.<\/p>\n\n\n\n<p><strong>Hvordan melder jeg afbud til Censorsekretariatet dagen f\u00f8r en eksamen?<\/strong><br>Du melder afbud til Censorsekretariatet ved at skrive en mail til kontakt@censorsekretariatet.dk i tidsrummet kl. 08.00-14.00. Sker din henvendelse f\u00f8rst efter kl. 14.00, skal du kontakte sekretariatsleder, Marianne Kehlet Vork, p\u00e5 tlf. 7269 1365.<\/p>\n\n\n\n<p><strong>Hvordan melder jeg afbud til Censorsekretariatet p\u00e5 dagen, hvor eksamen skal afholdes?<\/strong><br>Du melder afbud til Censorsekretariatet ved b\u00e5de at skrive en mail til kontakt@censorsekretariatet.dk og kontakte os p\u00e5 tlf. 7269 8700.<\/p>\n","protected":false},"excerpt":{"rendered":"<p>Hvis du bliver n\u00f8dsaget til at melde afbud til en censoropgave, skal du hurtigst muligt melde afbud til b\u00e5de Censorsekretariatet og den eksamensafholdende uddannelsesinstitution. Du kan finde kontaktoplysninger p\u00e5 uddannelsesinstitutionens kontaktperson i din allokeringsmail. Hvordan melder jeg afbud til Censorsekretariatet dagen f\u00f8r en eksamen?Du melder afbud til Censorsekretariatet ved at skrive en mail til kontakt@censorsekretariatet.dk &#8230; <a title=\"Procedure ved afbud til censoropgave\" class=\"read-more\" href=\"https:\/\/censorsekretariatet.dk\/?page_id=115\" aria-label=\"Read more about Procedure ved afbud til censoropgave\">Read more<\/a><\/p>\n","protected":false},"author":1,"featured_media":0,"parent":0,"menu_order":0,"comment_status":"closed","ping_status":"closed","template":"","meta":{"footnotes":""},"class_list":["post-115","page","type-page","status-publish"],"_links":{"self":[{"href":"https:\/\/censorsekretariatet.dk\/index.php?rest_route=\/wp\/v2\/pages\/115","targetHints":{"allow":["GET"]}}],"collection":[{"href":"https:\/\/censorsekretariatet.dk\/index.php?rest_route=\/wp\/v2\/pages"}],"about":[{"href":"https:\/\/censorsekretariatet.dk\/index.php?rest_route=\/wp\/v2\/types\/page"}],"author":[{"embeddable":true,"href":"https:\/\/censorsekretariatet.dk\/index.php?rest_route=\/wp\/v2\/users\/1"}],"replies":[{"embeddable":true,"href":"https:\/\/censorsekretariatet.dk\/index.php?rest_route=%2Fwp%2Fv2%2Fcomments&post=115"}],"version-history":[{"count":3,"href":"https:\/\/censorsekretariatet.dk\/index.php?rest_route=\/wp\/v2\/pages\/115\/revisions"}],"predecessor-version":[{"id":190,"href":"https:\/\/censorsekretariatet.dk\/index.php?rest_route=\/wp\/v2\/pages\/115\/revisions\/190"}],"wp:attachment":[{"href":"https:\/\/censorsekretariatet.dk\/index.php?rest_route=%2Fwp%2Fv2%2Fmedia&parent=115"}],"curies":[{"name":"wp","href":"https:\/\/api.w.org\/{rel}","templated":true}]}}