{"id":118,"date":"2025-03-19T11:14:53","date_gmt":"2025-03-19T10:14:53","guid":{"rendered":"https:\/\/censorsekretariatet.censorum.dk\/?page_id=118"},"modified":"2026-04-14T11:13:27","modified_gmt":"2026-04-14T09:13:27","slug":"videoer-fra-censormoedet-2024","status":"publish","type":"page","link":"https:\/\/censorsekretariatet.dk\/?page_id=118","title":{"rendered":"Videoer fra censorm\u00f8det 2024"},"content":{"rendered":"\n<p><strong>Nedenst\u00e5ende finder du videoer fra censorm\u00f8det 2024. Videoerne er pr\u00e6sentationer omhandlende emnerne, som beskrevet nedenfor.<\/strong><\/p>\n\n\n\n<p><\/p>\n\n\n\n<p>Censor- og eksaminatorraporter:<\/p>\n\n\n\n<iframe loading=\"lazy\" src=\"https:\/\/www.facebook.com\/plugins\/video.php?height=314&#038;href=https%3A%2F%2Fwww.facebook.com%2Fcensorsekretariatetdk%2Fvideos%2F447211871743024%2F&#038;show_text=false&#038;width=560&#038;t=0\" width=\"560\" height=\"314\" style=\"border:none;overflow:hidden\" scrolling=\"no\" frameborder=\"0\" allowfullscreen=\"true\" allow=\"autoplay; clipboard-write; encrypted-media; picture-in-picture; web-share\" allowFullScreen=\"true\"><\/iframe>\n\n\n\n<p><\/p>\n\n\n\n<p>Forholdet mellem kvalifikationsrammen og karakterskalaen:<\/p>\n\n\n\n<iframe loading=\"lazy\" src=\"https:\/\/www.facebook.com\/plugins\/video.php?height=420&#038;href=https%3A%2F%2Fwww.facebook.com%2Fcensorsekretariatetdk%2Fvideos%2F1105109931055784%2F&#038;show_text=false&#038;width=560&#038;t=0\" width=\"560\" height=\"420\" style=\"border:none;overflow:hidden\" scrolling=\"no\" frameborder=\"0\" allowfullscreen=\"true\" allow=\"autoplay; clipboard-write; encrypted-media; picture-in-picture; web-share\" allowFullScreen=\"true\"><\/iframe>\n\n\n\n<p><a href=\"https:\/\/fb.watch\/w02wnIHbfx\/\"><\/a><\/p>\n\n\n\n<p>V\u00e6rdighedskravet:<\/p>\n\n\n\n<iframe loading=\"lazy\" src=\"https:\/\/www.facebook.com\/plugins\/video.php?height=314&#038;href=https%3A%2F%2Fwww.facebook.com%2Fcensorsekretariatetdk%2Fvideos%2F2713600342159505%2F&#038;show_text=false&#038;width=560&#038;t=0\" width=\"560\" height=\"314\" style=\"border:none;overflow:hidden\" scrolling=\"no\" frameborder=\"0\" allowfullscreen=\"true\" allow=\"autoplay; clipboard-write; encrypted-media; picture-in-picture; web-share\" allowFullScreen=\"true\"><\/iframe>\n\n\n\n<p><\/p>\n\n\n\n<p>Lovgrundlag:<\/p>\n\n\n\n<iframe loading=\"lazy\" src=\"https:\/\/www.facebook.com\/plugins\/video.php?height=314&#038;href=https%3A%2F%2Fwww.facebook.com%2Fcensorsekretariatetdk%2Fvideos%2F914621567280925%2F&#038;show_text=false&#038;width=560&#038;t=0\" width=\"560\" height=\"314\" style=\"border:none;overflow:hidden\" scrolling=\"no\" frameborder=\"0\" allowfullscreen=\"true\" allow=\"autoplay; clipboard-write; encrypted-media; picture-in-picture; web-share\" allowFullScreen=\"true\"><\/iframe>\n\n\n\n<p><a href=\"https:\/\/fb.watch\/w02AEvWTnc\/\"><\/a><\/p>\n\n\n\n<p>AI og ChatGPT:<\/p>\n\n\n\n<div style=\"position: relative; overflow: hidden; padding-top: 35.25%;\"><iframe src=\"https:\/\/share.synthesia.io\/embeds\/videos\/b0c678c6-ec83-4834-b7f8-f3cada330b5e\" loading=\"lazy\" title=\"Synthesia video player - AI og Chatgpt\" allowfullscreen allow=\"encrypted-media; fullscreen;\" style=\"position: absolute; width: 50%; height: 100%; top: 0; left: 0; border: none; padding: 0; margin: 0; overflow:hidden;\"><\/iframe><\/div>\n\n\n\n<p><\/p>\n\n\n\n<p>Anken\u00e6vnssager:<\/p>\n\n\n\n<iframe loading=\"lazy\" src=\"https:\/\/www.facebook.com\/plugins\/video.php?height=314&#038;href=https%3A%2F%2Fwww.facebook.com%2Fcensorsekretariatetdk%2Fvideos%2F573058458645218%2F&#038;show_text=false&#038;width=560&#038;t=0\" width=\"560\" height=\"314\" style=\"border:none;overflow:hidden\" scrolling=\"no\" frameborder=\"0\" allowfullscreen=\"true\" allow=\"autoplay; clipboard-write; encrypted-media; picture-in-picture; web-share\" allowFullScreen=\"true\"><\/iframe>\n\n\n","protected":false},"excerpt":{"rendered":"<p>Nedenst\u00e5ende finder du videoer fra censorm\u00f8det 2024. Videoerne er pr\u00e6sentationer omhandlende emnerne, som beskrevet nedenfor. Censor- og eksaminatorraporter: Forholdet mellem kvalifikationsrammen og karakterskalaen: V\u00e6rdighedskravet: Lovgrundlag: AI og ChatGPT: Anken\u00e6vnssager:<\/p>\n","protected":false},"author":1,"featured_media":0,"parent":0,"menu_order":0,"comment_status":"closed","ping_status":"closed","template":"","meta":{"footnotes":""},"class_list":["post-118","page","type-page","status-publish"],"_links":{"self":[{"href":"https:\/\/censorsekretariatet.dk\/index.php?rest_route=\/wp\/v2\/pages\/118","targetHints":{"allow":["GET"]}}],"collection":[{"href":"https:\/\/censorsekretariatet.dk\/index.php?rest_route=\/wp\/v2\/pages"}],"about":[{"href":"https:\/\/censorsekretariatet.dk\/index.php?rest_route=\/wp\/v2\/types\/page"}],"author":[{"embeddable":true,"href":"https:\/\/censorsekretariatet.dk\/index.php?rest_route=\/wp\/v2\/users\/1"}],"replies":[{"embeddable":true,"href":"https:\/\/censorsekretariatet.dk\/index.php?rest_route=%2Fwp%2Fv2%2Fcomments&post=118"}],"version-history":[{"count":3,"href":"https:\/\/censorsekretariatet.dk\/index.php?rest_route=\/wp\/v2\/pages\/118\/revisions"}],"predecessor-version":[{"id":984,"href":"https:\/\/censorsekretariatet.dk\/index.php?rest_route=\/wp\/v2\/pages\/118\/revisions\/984"}],"wp:attachment":[{"href":"https:\/\/censorsekretariatet.dk\/index.php?rest_route=%2Fwp%2Fv2%2Fmedia&parent=118"}],"curies":[{"name":"wp","href":"https:\/\/api.w.org\/{rel}","templated":true}]}}