{"id":122,"date":"2025-03-19T11:15:21","date_gmt":"2025-03-19T10:15:21","guid":{"rendered":"https:\/\/censorsekretariatet.censorum.dk\/?page_id=122"},"modified":"2026-03-13T09:38:22","modified_gmt":"2026-03-13T08:38:22","slug":"bekendtgoerelser-og-regler","status":"publish","type":"page","link":"https:\/\/censorsekretariatet.dk\/?page_id=122","title":{"rendered":"Bekendtg\u00f8relser og regler"},"content":{"rendered":"\n<p>Nedenfor finder du links til relevante bekendtg\u00f8relser og regler<\/p>\n\n\n\n<p>Censorbekendtg\u00f8relse<br><a href=\"https:\/\/www.retsinformation.dk\/eli\/lta\/2024\/920#P12\" target=\"_blank\" rel=\"noreferrer noopener\">Censorbekendtg\u00f8relsen<\/a><br><br>Eksamensbekendtg\u00f8relse<br><a href=\"https:\/\/www.retsinformation.dk\/eli\/lta\/2025\/624\" target=\"_blank\" rel=\"noreferrer noopener\">Eksamensbekendtg\u00f8relsen<\/a><br><a href=\"https:\/\/nalunaarutit.gl\/groenlandsk-lovgivning\/2015\/bkg-04-2015?sc_lang=da\" target=\"_blank\" rel=\"noreferrer noopener\">Selvstyrets bekendtg\u00f8relse nr. 4 af 18. marts 2015 om eksamener ved erhvervsuddannelserne, Gr\u00f8nland<\/a><br><br>Karakterbekendtg\u00f8relse<br><a href=\"https:\/\/www.retsinformation.dk\/eli\/lta\/2022\/1125\" target=\"_blank\" rel=\"noreferrer noopener\">Karakterskalabekendtg\u00f8relsen, dansk<\/a><br><a href=\"https:\/\/ufsn.dk\/english\/education\/the-danish-education-system\/grading-system\/\" target=\"_blank\" rel=\"noreferrer noopener\">Karakterbekendtg\u00f8relse, engelsk<\/a><br><br>Forvaltningsloven<br><a href=\"https:\/\/www.retsinformation.dk\/eli\/lta\/2014\/433\" target=\"_blank\" rel=\"noreferrer noopener\">Forvaltningsloven<\/a><br><br>\u00d8vrige<br><a href=\"https:\/\/www.retsinformation.dk\/eli\/lta\/2017\/511\" target=\"_blank\" rel=\"noreferrer noopener\">Tjenestemandsloven<\/a><br><a href=\"https:\/\/www.retsinformation.dk\/eli\/lta\/2023\/828\" target=\"_blank\" rel=\"noreferrer noopener\">Bekendtg\u00f8relse om \u00e6ndring af bekendtg\u00f8relse om tekniske og merkantile erhvervsakademiuddannelser og professionsbacheloruddannelser<\/a><br><a href=\"https:\/\/www.retsinformation.dk\/eli\/lta\/2024\/911\" target=\"_blank\" rel=\"noreferrer noopener\">Bekendtg\u00f8relse om akademiuddannelser<\/a><br><a href=\"https:\/\/www.retsinformation.dk\/eli\/lta\/2024\/912\" target=\"_blank\" rel=\"noreferrer noopener\">Bekendtg\u00f8relse om diplomuddannelser<\/a><br><a href=\"https:\/\/www.retsinformation.dk\/eli\/retsinfo\/2001\/12407\" target=\"_blank\" rel=\"noreferrer noopener\">Cirkul\u00e6re om timel\u00f8nnet undervisning samt cirkul\u00e6re om censorvederlag\\n(Perst.nr. 004-01)<\/a><br><a href=\"https:\/\/hoeringsportalen.dk\/\" target=\"_blank\" rel=\"noreferrer noopener\">Velkommen &#8211; H\u00f8ringsportalen<\/a><br><a href=\"https:\/\/www.retsinformation.dk\/eli\/lta\/2020\/145\" target=\"_blank\" rel=\"noreferrer noopener\">Offentlighedsloven<\/a><br><a href=\"https:\/\/eur-lex.europa.eu\/legal-content\/DA\/TXT\/PDF\/?uri=CELEX:32016R0679&amp;from=DA\" target=\"_blank\" rel=\"noreferrer noopener\">Persondataforordningen<\/a><br><a href=\"https:\/\/www.retsinformation.dk\/eli\/lta\/2021\/1667\" target=\"_blank\" rel=\"noreferrer noopener\">Akkrediteringsloven &#8211; Bekendtg\u00f8relse af lov om akkreditering af videreg\u00e5ende uddannelsesinstitutioner<\/a>*<br><a href=\"https:\/\/akkr.dk\/akkreditering\/institutionsakkreditering\/#1575637604333-d517b329-e21b\" target=\"_blank\" rel=\"noreferrer noopener\">Vejledning til institutionsakkreditering<\/a><br><a href=\"https:\/\/virk.dk\/myndigheder\/stat\/SIK\/selvbetjening\/Gas_anmeldelse_og_aendring_af_gasinstallation\/\" target=\"_blank\" rel=\"noreferrer noopener\">Gas, anmeldelse og \u00e6ndring af gasinstallation | Virk<\/a><br><br><br><\/p>\n\n\n\n<p><\/p>\n","protected":false},"excerpt":{"rendered":"<p>Nedenfor finder du links til relevante bekendtg\u00f8relser og regler Censorbekendtg\u00f8relseCensorbekendtg\u00f8relsen Eksamensbekendtg\u00f8relseEksamensbekendtg\u00f8relsenSelvstyrets bekendtg\u00f8relse nr. 4 af 18. marts 2015 om eksamener ved erhvervsuddannelserne, Gr\u00f8nland Karakterbekendtg\u00f8relseKarakterskalabekendtg\u00f8relsen, danskKarakterbekendtg\u00f8relse, engelsk ForvaltningslovenForvaltningsloven \u00d8vrigeTjenestemandslovenBekendtg\u00f8relse om \u00e6ndring af bekendtg\u00f8relse om tekniske og merkantile erhvervsakademiuddannelser og professionsbacheloruddannelserBekendtg\u00f8relse om akademiuddannelserBekendtg\u00f8relse om diplomuddannelserCirkul\u00e6re om timel\u00f8nnet undervisning samt cirkul\u00e6re om censorvederlag\\n(Perst.nr. 004-01)Velkommen &#8211; H\u00f8ringsportalenOffentlighedslovenPersondataforordningenAkkrediteringsloven &#8211; Bekendtg\u00f8relse &#8230; <a title=\"Bekendtg\u00f8relser og regler\" class=\"read-more\" href=\"https:\/\/censorsekretariatet.dk\/?page_id=122\" aria-label=\"Read more about Bekendtg\u00f8relser og regler\">Read more<\/a><\/p>\n","protected":false},"author":1,"featured_media":0,"parent":0,"menu_order":0,"comment_status":"closed","ping_status":"closed","template":"","meta":{"footnotes":""},"class_list":["post-122","page","type-page","status-publish"],"_links":{"self":[{"href":"https:\/\/censorsekretariatet.dk\/index.php?rest_route=\/wp\/v2\/pages\/122","targetHints":{"allow":["GET"]}}],"collection":[{"href":"https:\/\/censorsekretariatet.dk\/index.php?rest_route=\/wp\/v2\/pages"}],"about":[{"href":"https:\/\/censorsekretariatet.dk\/index.php?rest_route=\/wp\/v2\/types\/page"}],"author":[{"embeddable":true,"href":"https:\/\/censorsekretariatet.dk\/index.php?rest_route=\/wp\/v2\/users\/1"}],"replies":[{"embeddable":true,"href":"https:\/\/censorsekretariatet.dk\/index.php?rest_route=%2Fwp%2Fv2%2Fcomments&post=122"}],"version-history":[{"count":12,"href":"https:\/\/censorsekretariatet.dk\/index.php?rest_route=\/wp\/v2\/pages\/122\/revisions"}],"predecessor-version":[{"id":739,"href":"https:\/\/censorsekretariatet.dk\/index.php?rest_route=\/wp\/v2\/pages\/122\/revisions\/739"}],"wp:attachment":[{"href":"https:\/\/censorsekretariatet.dk\/index.php?rest_route=%2Fwp%2Fv2%2Fmedia&parent=122"}],"curies":[{"name":"wp","href":"https:\/\/api.w.org\/{rel}","templated":true}]}}