{"id":125,"date":"2025-03-19T11:15:32","date_gmt":"2025-03-19T10:15:32","guid":{"rendered":"https:\/\/censorsekretariatet.censorum.dk\/?page_id=125"},"modified":"2026-04-16T11:02:18","modified_gmt":"2026-04-16T09:02:18","slug":"anke-over-klagesag","status":"publish","type":"page","link":"https:\/\/censorsekretariatet.dk\/?page_id=125","title":{"rendered":"Anke over klagesag"},"content":{"rendered":"\n<p>Den studerende kan indgive en skriftlig klage til uddannelsesinstitutionen over retlige og faglige sp\u00f8rgsm\u00e5l, herunder pr\u00f8veforl\u00f8bet ved en eksamen i et uddannelseselement eller en delpr\u00f8ve. Faglige sp\u00f8rgsm\u00e5l vedr\u00f8rende uddannelsesinstitutionens afg\u00f8relse kan indbringes for et anken\u00e6vn.<\/p>\n\n\n\n<p>I forbindelse med en anken\u00e6vnssag vil der indledningsvis have v\u00e6ret en klagesag internt p\u00e5 institutionen. Drejer klagen sig om\u00a0<strong>retlige sp\u00f8rgsm\u00e5l<\/strong>, skal uddannelsesinstitutionen sende klagen til Uddannelses- og Forskningsstyrelsen. Hvis klagen vedr\u00f8rer<strong>\u00a0faglige sp\u00f8rgsm\u00e5l<\/strong>, anmoder uddannelsesinstitutionen straks bed\u00f8mmerne om at afgive en udtalelse. Bed\u00f8mmerne skal herefter udtale sig om de faglige sp\u00f8rgsm\u00e5l i klagen. Klageren skal derefter have lejlighed til at kommentere udtalelserne.<\/p>\n\n\n\n<p>Uddannelsesinstitutionen tr\u00e6ffer til slut afg\u00f8relse p\u00e5 baggrund af klagen, bed\u00f8mmernes faglige udtalelser og klagers eventuelle kommentarer.<\/p>\n\n\n\n<p>Hvis den studerende ikke er enig i afg\u00f8relsen, har denne mulighed for at indgive en skriftlig klage og dermed<strong>&nbsp;anke afg\u00f8relsen<\/strong>.<\/p>\n\n\n\n<p>Et anken\u00e6vn vil herefter blive nedsat, som tr\u00e6ffer afg\u00f8relse p\u00e5 grundlag af det materiale, som l\u00e5 til grund for uddannelsesinstitutionens afg\u00f8relse og den studerendes klage.<\/p>\n\n\n\n<p><strong>Et anken\u00e6vn best\u00e5r<\/strong>\u00a0af fire medlemmer, herunder to beskikkede censorer, \u00e9n eksaminationsberettiget underviser og \u00e9n studerende inden for fagomr\u00e5det.<\/p>\n\n\n\n<p>En <strong>afg\u00f8relse fra anken\u00e6vnet<\/strong> kan indeb\u00e6re:<\/p>\n\n\n\n<ul class=\"wp-block-list\">\n<li>Tilbud om ny bed\u00f8mmelse af en skriftlig opgave (ombed\u00f8mmelse),<\/li>\n\n\n\n<li>Tilbud om ny eksamen (ompr\u00f8ve),<\/li>\n\n\n\n<li>At klageren ikke f\u00e5r medhold i klagen, eller<\/li>\n\n\n\n<li>En kombination af 1-3 hvis eksamen omfatter en skriftlig opgavebesvarelse med mundtligt forsvar.<\/li>\n<\/ul>\n\n\n\n<p>N\u00e6vnets afg\u00f8relse skal meddeles til institutionen og klager<strong>&nbsp;senest 2 m\u00e5neder efter, at klagen er indgivet.<\/strong>&nbsp;Juli m\u00e5ned indg\u00e5r ikke i beregningen.<\/p>\n\n\n\n<p>Faglige sp\u00f8rgsm\u00e5l ved anken\u00e6vnets afg\u00f8relse kan ikke indbringes for en anden administrativ myndighed.<\/p>\n\n\n\n<p>Retlige sp\u00f8rgsm\u00e5l ved anken\u00e6vnets afg\u00f8relse kan indbringes for institutionen, som tr\u00e6ffer afg\u00f8relse.<\/p>\n\n\n\n<p>Institutionens afg\u00f8relse kan indbringes for Uddannelses- og Forskningsstyrelsen, jf. eksamensbekendtg\u00f8relsen.<\/p>\n\n\n<div ><style>#sp-ea-636 .spcollapsing { height: 0; overflow: hidden; transition-property: height;transition-duration: 300ms;}#sp-ea-636.sp-easy-accordion>.sp-ea-single {margin-bottom: 10px; border: 1px none #e2e2e2; }#sp-ea-636.sp-easy-accordion>.sp-ea-single>.ea-header a {color: #444;}#sp-ea-636.sp-easy-accordion>.sp-ea-single>.sp-collapse>.ea-body {background: #fff; color: #444;}#sp-ea-636.sp-easy-accordion>.sp-ea-single {background: #ffffff;}#sp-ea-636.sp-easy-accordion>.sp-ea-single>.ea-header a .ea-expand-icon { float: left; color: #444;font-size: 16px;}<\/style><div id=\"sp_easy_accordion-1771402081\"><div id=\"sp-ea-636\" class=\"sp-ea-one sp-easy-accordion\" data-ea-active=\"ea-click\" data-ea-mode=\"vertical\" data-preloader=\"\" data-scroll-active-item=\"\" data-offset-to-scroll=\"0\"><div class=\"ea-card sp-ea-single\"><h3 class=\"ea-header\"><a class=\"collapsed\" id=\"ea-header-6360\" role=\"button\" data-sptoggle=\"spcollapse\" data-sptarget=\"#collapse6360\" aria-controls=\"collapse6360\" href=\"#\" aria-expanded=\"false\" tabindex=\"0\"><i aria-hidden=\"true\" role=\"presentation\" class=\"ea-expand-icon eap-icon-ea-expand-plus\"><\/i> Hvad er sekretariatets opgave i forbindelse med en anken\u00e6vnssag?<\/a><\/h3><div class=\"sp-collapse spcollapse spcollapse\" id=\"collapse6360\" data-parent=\"#sp-ea-636\" role=\"region\" aria-labelledby=\"ea-header-6360\"> <div class=\"ea-body\"><p>Sekretariatet yder administrativ og praktisk bistand for censorforpersonerne, hvorfor vi er behj\u00e6lpelige med at kontakte de censorer, som er blevet udpeget af censorledelsen til at sidde i anken\u00e6vnet. Censorledelsen kan ogs\u00e5 v\u00e6lge sig selv.<\/p><p>Herefter er vi behj\u00e6lpelige med at udsende vejledninger, skabeloner samt udarbejde kontaktformularen. Derudover kan vi hj\u00e6lpe med at v\u00e6re kontakt til Uddannelses- og Forskningsstyrelsen samt hj\u00e6lpe med forklaring af bekendtg\u00f8relsen og gennemgang af processen ifm. anken\u00e6vnssager.<\/p><\/div><\/div><\/div><div class=\"ea-card sp-ea-single\"><h3 class=\"ea-header\"><a class=\"collapsed\" id=\"ea-header-6361\" role=\"button\" data-sptoggle=\"spcollapse\" data-sptarget=\"#collapse6361\" aria-controls=\"collapse6361\" href=\"#\" aria-expanded=\"false\" tabindex=\"0\"><i aria-hidden=\"true\" role=\"presentation\" class=\"ea-expand-icon eap-icon-ea-expand-plus\"><\/i> Hvad er institutionens opgave i forbindelse med en anken\u00e6vnssag?<\/a><\/h3><div class=\"sp-collapse spcollapse spcollapse\" id=\"collapse6361\" data-parent=\"#sp-ea-636\" role=\"region\" aria-labelledby=\"ea-header-6361\"> <div class=\"ea-body\"><p>Institutionen har til opgave at udpege den eksaminationsberettigede underviser samt den studerende. Herefter s\u00f8rger institutionen for at sende kontaktinformationerne for disse til sekretariatet.<\/p><p>Institutionen s\u00f8rger ogs\u00e5 for at videreformidle ankesagsmaterialet til anken\u00e6vnet samt videreformidling af anken\u00e6vnets afg\u00f8relse til de relevante parter herunder den studerende.<\/p><p>Derudover skal institutionen st\u00e5 til r\u00e5dighed, hvis anken\u00e6vnet har brug for juridisk vejledning eller ved sp\u00f8rgsm\u00e5l af juridisk karakter.<\/p><\/div><\/div><\/div><div class=\"ea-card sp-ea-single\"><h3 class=\"ea-header\"><a class=\"collapsed\" id=\"ea-header-6362\" role=\"button\" data-sptoggle=\"spcollapse\" data-sptarget=\"#collapse6362\" aria-controls=\"collapse6362\" href=\"#\" aria-expanded=\"false\" tabindex=\"0\"><i aria-hidden=\"true\" role=\"presentation\" class=\"ea-expand-icon eap-icon-ea-expand-plus\"><\/i> Anken\u00e6vnets afg\u00f8relse<\/a><\/h3><div class=\"sp-collapse spcollapse spcollapse\" id=\"collapse6362\" data-parent=\"#sp-ea-636\" role=\"region\" aria-labelledby=\"ea-header-6362\"> <div class=\"ea-body\"><p>Anken\u00e6vnet tr\u00e6ffer afg\u00f8relse p\u00e5 grundlag af det materiale, som l\u00e5 til grund for uddannelsesinstitutionens afg\u00f8relse og den studerendes klage. N\u00e6vnets afg\u00f8relse skal meddeles til institutionen og klager senest 2 m\u00e5neder efter, at klagen er indgivet. Juli m\u00e5ned indg\u00e5r ikke i beregningen.<\/p><p>Faglige sp\u00f8rgsm\u00e5l ved anken\u00e6vnets afg\u00f8relse kan ikke indbringes for en anden administrativ myndighed.<\/p><p>Afg\u00f8relsen sendes til kontaktpersonen fra institutionen, hvorefter denne s\u00f8rger for at videreformidle afg\u00f8relsen til de relevante parter herunder den studerende.<\/p><\/div><\/div><\/div><div class=\"ea-card sp-ea-single\"><h3 class=\"ea-header\"><a class=\"collapsed\" id=\"ea-header-6363\" role=\"button\" data-sptoggle=\"spcollapse\" data-sptarget=\"#collapse6363\" aria-controls=\"collapse6363\" href=\"#\" aria-expanded=\"false\" tabindex=\"0\"><i aria-hidden=\"true\" role=\"presentation\" class=\"ea-expand-icon eap-icon-ea-expand-plus\"><\/i> Honorering<\/a><\/h3><div class=\"sp-collapse spcollapse spcollapse\" id=\"collapse6363\" data-parent=\"#sp-ea-636\" role=\"region\" aria-labelledby=\"ea-header-6363\"> <div class=\"ea-body\"><p>Censorsekretariatet honorer de to beskikkede censorer via et af nedenst\u00e5ende links (der skal anvendes MitID). I forbindelse med udfyldelse af den digitale blanket bedes I udfylde og vedh\u00e6fte arket specificering af timeforbrug:<\/p><ul><li>Timeopg\u00f8relse A-indkomst\u00a0<a href=\"https:\/\/eur02.safelinks.protection.outlook.com\/?url=https%3A%2F%2Fucn.ditmerflex.dk%2Fucn%2FOpret%2F2cdda9c0aa2f6%2F&amp;data=02%7C01%7Chac%40censorsekretariatet.dk%7C87181c405bc645b80ccf08d84341de50%7Cd6338997214a4f92ba750397f10a84cc%7C0%7C0%7C637333297462735370&amp;sdata=24BFyyvbpSP12yOGq3QIobJM6aSTkZHdVU2vjttiBbk%3D&amp;reserved=0\" target=\"_blank\" rel=\"noopener\">https:\/\/ucn.ditmerflex.dk\/ucn\/Opret\/2cdda9c0aa2f6\/<\/a><\/li><li>Timeopg\u00f8relse B-indkomst\u00a0<a href=\"https:\/\/eur02.safelinks.protection.outlook.com\/?url=https%3A%2F%2Fucn.ditmerflex.dk%2Fucn%2FOpret%2F2d1029ddf0266%2F&amp;data=02%7C01%7Chac%40censorsekretariatet.dk%7C87181c405bc645b80ccf08d84341de50%7Cd6338997214a4f92ba750397f10a84cc%7C0%7C0%7C637333297462745360&amp;sdata=D%2BkLcE%2FXoawqucwiukv3nVCSKNhK05QX59c7h%2BYSQTk%3D&amp;reserved=0\" target=\"_blank\" rel=\"noopener\">https:\/\/ucn.ditmerflex.dk\/ucn\/Opret\/2d1029ddf0266<\/a><\/li><\/ul><p><u><\/u><u>OBS: Den eksaminationsberettigede underviser samt den studerende honoreres af institutionen og <strong>ikke<\/strong> af Censorsekretariatet.<\/u><\/p><\/div><\/div><\/div><div class=\"ea-card sp-ea-single\"><h3 class=\"ea-header\"><a class=\"collapsed\" id=\"ea-header-6364\" role=\"button\" data-sptoggle=\"spcollapse\" data-sptarget=\"#collapse6364\" aria-controls=\"collapse6364\" href=\"#\" aria-expanded=\"false\" tabindex=\"0\"><i aria-hidden=\"true\" role=\"presentation\" class=\"ea-expand-icon eap-icon-ea-expand-plus\"><\/i> Hvilke informationer skal Censorsekretariatet bruge fra institutionen, for at kunne opstarte anken\u00e6vnet?<\/a><\/h3><div class=\"sp-collapse spcollapse spcollapse\" id=\"collapse6364\" data-parent=\"#sp-ea-636\" role=\"region\" aria-labelledby=\"ea-header-6364\"> <div class=\"ea-body\"><p>N\u00e5r institutionen bliver bekendt med en forest\u00e5ende anken\u00e6vnssag, meddeles dette Censorsekretariatet.<\/p><p>Vi har brug for f\u00f8lgende information for at kunne igangs\u00e6tte ankesagen:<\/p><ul><li>Hvilken uddannelse foreg\u00e5r ankesagen p\u00e5 \u2013 evt. hvilket modul\/semester?<\/li><li>Hvorn\u00e5r blev anken indgivet?<\/li><li>Hvis det var en ekstern pr\u00f8ve, hvem var i s\u00e5 fald censor?<\/li><li>Navn samt kontaktoplysninger p\u00e5 den studerende samt den eksaminationsberettigede underviser, som deltager i anken\u00e6vnet (dette kan eventuelt eftersendes, hvis institutionen ikke har mulighed for at udpege disse med det samme)<\/li><li>Navn samt kontaktoplysninger p\u00e5 kontaktperson fra institutionen<\/li><\/ul><p>N\u00e5r sekretariatet har modtaget ovenst\u00e5ende information, kan ankesagen igangs\u00e6ttes.<\/p><p>Sekretariatet vil herefter sende en igangs\u00e6ttelsesmail ud til anken\u00e6vnet indeholdende kontaktformular p\u00e5 anken\u00e6vnet samt vejledninger osv. Kontaktperson fra institutionen s\u00e6ttes cc p\u00e5 mailen, s\u00e5ledes institutionen ogs\u00e5 er informeret om, at sagen igangs\u00e6ttes.<\/p><p>Herefter kan institutionen udsende sagsmaterialet for anken.<\/p><\/div><\/div><\/div><div class=\"ea-card sp-ea-single\"><h3 class=\"ea-header\"><a class=\"collapsed\" id=\"ea-header-6365\" role=\"button\" data-sptoggle=\"spcollapse\" data-sptarget=\"#collapse6365\" aria-controls=\"collapse6365\" href=\"#\" aria-expanded=\"false\" tabindex=\"0\"><i aria-hidden=\"true\" role=\"presentation\" class=\"ea-expand-icon eap-icon-ea-expand-plus\"><\/i> Vejledninger, skabeloner mm. <\/a><\/h3><div class=\"sp-collapse spcollapse spcollapse\" id=\"collapse6365\" data-parent=\"#sp-ea-636\" role=\"region\" aria-labelledby=\"ea-header-6365\"> <div class=\"ea-body\"><p>Har anken\u00e6vnet sp\u00f8rgsm\u00e5l af juridisk karakter, skal disse stilles til institutionens jurister.<\/p><p><a href=\"https:\/\/www.retsinformation.dk\/eli\/lta\/2025\/624\" target=\"_blank\" rel=\"noopener\">Eksamensbekendtg\u00f8relsen (retsinformation.dk) &#8211; med s\u00e6rlig henvisning til kapitel 10 og 11<\/a><\/p><p>&nbsp;<\/p><hr \/><p>Filer<\/p><p><a href=\"https:\/\/censorsekretariatet.censorum.dk\/wp-content\/uploads\/2026\/02\/Specificering-af-timeforbrug-ved-ankesag.xlsx\" rel=\"noopener\">Specificering af timeforbrug ved ankesag<\/a><br \/><a href=\"https:\/\/censorsekretariatet.censorum.dk\/wp-content\/uploads\/2026\/02\/Afgorelse-for-ankenaevnssag-BEK-nr.-624-af-02.06.2025.docx\" rel=\"noopener\">Afg\u00f8relse for anken\u00e6vnssag BEK nr. 624 af 02.06.2025<\/a><br \/><a href=\"https:\/\/censorsekretariatet.censorum.dk\/wp-content\/uploads\/2026\/02\/Instruks-til-brug-for-behandling-af-ankesager-BEK-nr.-624-af-02.06.2025.docx\" rel=\"noopener\">Instruks til brug for behandling af ankesager BEK nr. 624 af 02.06.2025<\/a><br \/><a href=\"https:\/\/censorsekretariatet.censorum.dk\/wp-content\/uploads\/2026\/02\/Koreplan-vedr.-ankenaevnsmode-BEK-nr.-624-af-02.06.2025.docx\" rel=\"noopener\">K\u00f8replan vedr. anken\u00e6vnsm\u00f8de BEK nr. 624 af 02.06.2025<\/a><\/p><\/div><\/div><\/div><\/div><\/div><\/div>\n\n\n<p><\/p>\n","protected":false},"excerpt":{"rendered":"<p>Den studerende kan indgive en skriftlig klage til uddannelsesinstitutionen over retlige og faglige sp\u00f8rgsm\u00e5l, herunder pr\u00f8veforl\u00f8bet ved en eksamen i et uddannelseselement eller en delpr\u00f8ve. Faglige sp\u00f8rgsm\u00e5l vedr\u00f8rende uddannelsesinstitutionens afg\u00f8relse kan indbringes for et anken\u00e6vn. I forbindelse med en anken\u00e6vnssag vil der indledningsvis have v\u00e6ret en klagesag internt p\u00e5 institutionen. Drejer klagen sig om\u00a0retlige sp\u00f8rgsm\u00e5l, &#8230; <a title=\"Anke over klagesag\" class=\"read-more\" href=\"https:\/\/censorsekretariatet.dk\/?page_id=125\" aria-label=\"Read more about Anke over klagesag\">Read more<\/a><\/p>\n","protected":false},"author":1,"featured_media":0,"parent":0,"menu_order":0,"comment_status":"closed","ping_status":"closed","template":"","meta":{"footnotes":""},"class_list":["post-125","page","type-page","status-publish"],"_links":{"self":[{"href":"https:\/\/censorsekretariatet.dk\/index.php?rest_route=\/wp\/v2\/pages\/125","targetHints":{"allow":["GET"]}}],"collection":[{"href":"https:\/\/censorsekretariatet.dk\/index.php?rest_route=\/wp\/v2\/pages"}],"about":[{"href":"https:\/\/censorsekretariatet.dk\/index.php?rest_route=\/wp\/v2\/types\/page"}],"author":[{"embeddable":true,"href":"https:\/\/censorsekretariatet.dk\/index.php?rest_route=\/wp\/v2\/users\/1"}],"replies":[{"embeddable":true,"href":"https:\/\/censorsekretariatet.dk\/index.php?rest_route=%2Fwp%2Fv2%2Fcomments&post=125"}],"version-history":[{"count":26,"href":"https:\/\/censorsekretariatet.dk\/index.php?rest_route=\/wp\/v2\/pages\/125\/revisions"}],"predecessor-version":[{"id":1029,"href":"https:\/\/censorsekretariatet.dk\/index.php?rest_route=\/wp\/v2\/pages\/125\/revisions\/1029"}],"wp:attachment":[{"href":"https:\/\/censorsekretariatet.dk\/index.php?rest_route=%2Fwp%2Fv2%2Fmedia&parent=125"}],"curies":[{"name":"wp","href":"https:\/\/api.w.org\/{rel}","templated":true}]}}