{"id":33,"date":"2025-03-14T14:31:34","date_gmt":"2025-03-14T13:31:34","guid":{"rendered":"https:\/\/censorsekretariatet.censorum.dk\/?page_id=33"},"modified":"2026-04-20T10:45:19","modified_gmt":"2026-04-20T08:45:19","slug":"uddannelses-og-forskningsstyreksen","status":"publish","type":"page","link":"https:\/\/censorsekretariatet.dk\/?page_id=33","title":{"rendered":"Uddannelses- og Forskningsstyrelsen"},"content":{"rendered":"<div class=\"wp-block-image\">\n<figure class=\"alignright size-full\"><img loading=\"lazy\" decoding=\"async\" width=\"64\" height=\"68\" src=\"https:\/\/censorsekretariatet.dk\/wp-content\/uploads\/2025\/03\/Udd_fosk_icon.png\" alt=\"\" class=\"wp-image-41\"\/><\/figure>\n<\/div>\n\n\n<div class=\"wp-block-group is-nowrap is-layout-flex wp-container-core-group-is-layout-ad2f72ca wp-block-group-is-layout-flex\">\n<p>Styrelsen for uddannelse og institutioner neds\u00e6tter lovhjemmel for bekendtg\u00f8relsen om pr\u00f8ver i erhvervsrettede videreg\u00e5ende uddannelser.  De afholder ogs\u00e5 et \u00e5rsm\u00f8de med censorledelserne om&nbsp;<em>\u00e5rets tema,&nbsp;<\/em>som er omdrejningspunkt for kvalitetssikringen i det kommende \u00e5rs censorrapport. Derudover beskikker Styrelsen censorer, r\u00e5df\u00f8rer sig med censorledelserne i fagspecifikke emner og sikrer generelt censorvirksomhedens kvalitet igennem samarbejde med censorledelserne, Censorsekretariatet og dets faglige interessenter.<\/p>\n<\/div>\n\n\n\n<p>Styrelsen har deres egen hjemmeside for de erhvervsrettede videreg\u00e5ende uddannelser. Her finder du information vedr. censoromr\u00e5det for erhvervsakademiuddannelserne, professionsbacheloruddannelserne og diplomuddannelserne. Link til siden kan f\u00f8lges <a href=\"https:\/\/ufsn.dk\/uddannelse\/videregaaende-uddannelser\/overblik-over-det-videregaaende-uddannelsessystem\/\" target=\"_blank\" rel=\"noreferrer noopener\">her.<\/a> <\/p>\n\n\n\n<p>Har du censorrelaterede sp\u00f8rgsm\u00e5l, bedes du sende dem til Uddannelses- og Forskningsstyrelsens f\u00e6llespostkasse:&nbsp;<a href=\"mailto:ufm@ufm.dk\">ufs@ufm.dk<\/a>.<a href=\"mailto:sfu@ufm.dk\"><\/a><\/p>\n","protected":false},"excerpt":{"rendered":"<p>Styrelsen for uddannelse og institutioner neds\u00e6tter lovhjemmel for bekendtg\u00f8relsen om pr\u00f8ver i erhvervsrettede videreg\u00e5ende uddannelser. De afholder ogs\u00e5 et \u00e5rsm\u00f8de med censorledelserne om&nbsp;\u00e5rets tema,&nbsp;som er omdrejningspunkt for kvalitetssikringen i det kommende \u00e5rs censorrapport. Derudover beskikker Styrelsen censorer, r\u00e5df\u00f8rer sig med censorledelserne i fagspecifikke emner og sikrer generelt censorvirksomhedens kvalitet igennem samarbejde med censorledelserne, Censorsekretariatet og &#8230; <a title=\"Uddannelses- og Forskningsstyrelsen\" class=\"read-more\" href=\"https:\/\/censorsekretariatet.dk\/?page_id=33\" aria-label=\"Read more about Uddannelses- og Forskningsstyrelsen\">Read more<\/a><\/p>\n","protected":false},"author":3,"featured_media":0,"parent":0,"menu_order":0,"comment_status":"closed","ping_status":"closed","template":"","meta":{"footnotes":""},"class_list":["post-33","page","type-page","status-publish"],"_links":{"self":[{"href":"https:\/\/censorsekretariatet.dk\/index.php?rest_route=\/wp\/v2\/pages\/33","targetHints":{"allow":["GET"]}}],"collection":[{"href":"https:\/\/censorsekretariatet.dk\/index.php?rest_route=\/wp\/v2\/pages"}],"about":[{"href":"https:\/\/censorsekretariatet.dk\/index.php?rest_route=\/wp\/v2\/types\/page"}],"author":[{"embeddable":true,"href":"https:\/\/censorsekretariatet.dk\/index.php?rest_route=\/wp\/v2\/users\/3"}],"replies":[{"embeddable":true,"href":"https:\/\/censorsekretariatet.dk\/index.php?rest_route=%2Fwp%2Fv2%2Fcomments&post=33"}],"version-history":[{"count":10,"href":"https:\/\/censorsekretariatet.dk\/index.php?rest_route=\/wp\/v2\/pages\/33\/revisions"}],"predecessor-version":[{"id":1084,"href":"https:\/\/censorsekretariatet.dk\/index.php?rest_route=\/wp\/v2\/pages\/33\/revisions\/1084"}],"wp:attachment":[{"href":"https:\/\/censorsekretariatet.dk\/index.php?rest_route=%2Fwp%2Fv2%2Fmedia&parent=33"}],"curies":[{"name":"wp","href":"https:\/\/api.w.org\/{rel}","templated":true}]}}