{"id":49,"date":"2025-03-14T14:42:50","date_gmt":"2025-03-14T13:42:50","guid":{"rendered":"https:\/\/censorsekretariatet.censorum.dk\/?page_id=49"},"modified":"2026-04-20T10:43:23","modified_gmt":"2026-04-20T08:43:23","slug":"uddannelsesnetvaerket","status":"publish","type":"page","link":"https:\/\/censorsekretariatet.dk\/?page_id=49","title":{"rendered":"Uddannelsesnetv\u00e6rk\/faglige f\u00e6llesudvalg"},"content":{"rendered":"<div class=\"wp-block-image\">\n<figure class=\"alignright size-full\"><img loading=\"lazy\" decoding=\"async\" width=\"85\" height=\"61\" src=\"https:\/\/censorsekretariatet.dk\/wp-content\/uploads\/2025\/03\/Udd_naetverk.png\" alt=\"\" class=\"wp-image-42\"\/><\/figure>\n<\/div>\n\n\n<p>Uddannelsesnetv\u00e6rkene og\/eller de faglige f\u00e6llesudvalg er den udfarende kraft i skabelse af studieordninger og sikrer at disse, ved v\u00e6sentlige \u00e6ndringer, kommer i h\u00f8ring ved censorledelserne. Censorledelserne og Censorsekretariatet samarbejder med uddannelsesnetv\u00e6rkene omkring indstilling af censorer til ministeriel beskikkelse, og er en st\u00e6rk samarbejdspartner i styring af kvalitetssikring og ensartethed p\u00e5 tv\u00e6rs af uddannelserne.<\/p>\n\n\n\n<p>B\u00e5de Censorsekretariatet og censorledelserne indg\u00e5r i et t\u00e6t samarbejde med uddannelsesnetv\u00e6rkene og f\u00e6llesudvalgene. Endvidere inddrages censorledelserne i arbejdet omkring studieordningerne igennem fastlagte h\u00f8ringsprocedurer, da dette har stor betydning for, at censorledelserne kan orientere censorerne om fx \u00e6ndringer herom.<\/p>\n\n\n\n<p>Ydermere samarbejdes der t\u00e6t hvert fjerde \u00e5r omkring indstilling af ny-, gen-, og afbeskikkelse af censorer. Censorledelserne skal ogs\u00e5 her r\u00e5df\u00f8re sig med institutionerne. Alt sammen for at sikre censorernes kvalifikationer og kompetencer i forhold til den eksterne pr\u00f8ves indhold.<\/p>\n\n\n\n<p>I etablering af et censorkorps og i henhold til eksamensbekendtg\u00f8relsen skal censorledelserne i samarbejde med uddannelsesinstitutionerne indstille censorer til beskikkelse.<br><br><strong>OBS!&nbsp;<\/strong>Det er derfor utroligt vigtigt, at uddannelsesinstitutionerne vedligeholder kontakten til aftagerfeltet og interne kandidater i forhold til at f\u00e5 indstillet det n\u00f8dvendige antal censorer til censorkorpset i samarbejde med censorledelserne versus antal pr\u00f8ver. Det vil i praksis sige, at hver institution b\u00f8r indstille et minimum af kandidater sammenholdt med antal afholdte eksterne pr\u00f8ver.<\/p>\n\n\n\n<p>Hvis censorkorpset ikke har en passende st\u00f8rrelse, vil det i praksis betyde, at Censorsekretariatet ved flere allokeringer skal bede om hj\u00e6lp til at f\u00e5 rekrutteret en censor. Dette er ressourcekr\u00e6vende for s\u00e6rligt institutionerne, censorledelserne og Censorsekretariatet.<\/p>\n\n\n\n<p class=\"has-accent-color has-text-color has-link-color wp-elements-ec2cd367377bf43781a8c5374160c4d1\"><strong>Brug af nuv\u00e6rende eller tidligere ansatte til eksterne pr\u00f8ver<\/strong><\/p>\n\n\n\n<p>Det er&nbsp;ikke&nbsp;tilladt at g\u00f8re brug af en censor til en ekstern pr\u00f8ve p\u00e5 en institution, hvor vedkommende er eller har v\u00e6ret ansat inden for de seneste 2 \u00e5r, jf. censorbekendtg\u00f8relsens \u00a7 17. Det vil sige, at der skal g\u00e5 to \u00e5r fra ans\u00e6ttelsesforholdets oph\u00f8r til, at censor m\u00e5 p\u00e5tage censuropgaver p\u00e5 institutionen igen.<\/p>\n\n\n\n<p>Dette g\u00e6lder uanset ans\u00e6ttelsestype og campus. Det betyder, at de&nbsp;ikke&nbsp;m\u00e5:<\/p>\n\n\n\n<ul class=\"wp-block-list\">\n<li>Agere censor p\u00e5 en institution hvor de har v\u00e6ret ansat som fx timel\u00e6rer, eksaminator ved interne pr\u00f8ver, vejleder, udl\u00e5nt fra anden institution, osv.<\/li>\n\n\n\n<li>Agere censor p\u00e5 en anden adresse\/campus end den prim\u00e6re adresse\/campus, hvor vedkommende har v\u00e6ret ansat, da &#8220;karant\u00e6nen&#8221; g\u00e6lder for HELE&nbsp;<strong>institutionen,<\/strong>&nbsp;og ikke kun den&nbsp;<strong>afdeling,&nbsp;<\/strong>censor har v\u00e6ret ansat hos.<\/li>\n<\/ul>\n\n\n\n<p><strong>Vigtigt:&nbsp;<\/strong>De ovenst\u00e5ende punkter er ikke en udt\u00f8mmende liste men blot nogle eksempler.<\/p>\n\n\n\n<p>I henhold til eksamensbekendtg\u00f8relsen skal alle uddannelsesinstitutioner sikre, at censorkorpsets medlemmer har adgang til opdaterede oplysninger p\u00e5 deres hjemmeside, der vedr\u00f8rer de uddannelser og\/eller fag, som ber\u00f8rer censorernes virksomhed. Der skal bl.a. v\u00e6re adgang til eksamensbekendtg\u00f8relsen, karakterbekendtg\u00f8relsen og uddannelsens studieordning samt andet materiale, der har betydning for, at censorerne kan gennemf\u00f8re de eksterne eksaminer succesfuldt.<\/p>\n\n\n<div ><style>#sp-ea-900 .spcollapsing { height: 0; overflow: hidden; transition-property: height;transition-duration: 300ms;}#sp-ea-900.sp-easy-accordion>.sp-ea-single {margin-bottom: 10px; border: 1px none #e2e2e2; }#sp-ea-900.sp-easy-accordion>.sp-ea-single>.ea-header a {color: #444;}#sp-ea-900.sp-easy-accordion>.sp-ea-single>.sp-collapse>.ea-body {background: #fff; color: #444;}#sp-ea-900.sp-easy-accordion>.sp-ea-single {background: #ffffff;}#sp-ea-900.sp-easy-accordion>.sp-ea-single>.ea-header a .ea-expand-icon { float: left; color: #444;font-size: 16px;}<\/style><div id=\"sp_easy_accordion-1776070585\"><div id=\"sp-ea-900\" class=\"sp-ea-one sp-easy-accordion\" data-ea-active=\"ea-click\" data-ea-mode=\"vertical\" data-preloader=\"\" data-scroll-active-item=\"\" data-offset-to-scroll=\"0\"><div class=\"ea-card sp-ea-single\"><h3 class=\"ea-header\"><a class=\"collapsed\" id=\"ea-header-9000\" role=\"button\" data-sptoggle=\"spcollapse\" data-sptarget=\"#collapse9000\" aria-controls=\"collapse9000\" href=\"#\" aria-expanded=\"false\" tabindex=\"0\"><i aria-hidden=\"true\" role=\"presentation\" class=\"ea-expand-icon eap-icon-ea-expand-plus\"><\/i> Rapportering<\/a><\/h3><div class=\"sp-collapse spcollapse spcollapse\" id=\"collapse9000\" data-parent=\"#sp-ea-900\" role=\"region\" aria-labelledby=\"ea-header-9000\"> <div class=\"ea-body\"><p><strong>OBS. Nedenst\u00e5ende er under aktuelt under udvikling i vores nye IT-system, Censorum.<\/strong><\/p><p>Under fanen\u00a0<em>&#8216;<\/em>Rapportering<em>&#8216;<\/em> p\u00e5 din profil finder du censor- og eksaminatorrapporter fra de enkelte pr\u00f8ver p\u00e5 de uddannelser, hvor du er i netv\u00e6rk\/f\u00e6llesudvalget for egen institution. Disse har du mulighed for at s\u00f8ge frem fra en given periode. Du kan ligeledes s\u00f8ge en specifik rapport frem ved at s\u00f8ge p\u00e5 pr\u00f8venummeret.<\/p><p>Censor- og eksaminatorrapporter til samme pr\u00f8ve vil altid ligge efter hinanden i systemet, s\u00e5fremt begge er udfyldt. Netv\u00e6rket har mulighed for at se f\u00f8lgende statistikker og data p\u00e5:<\/p><p><strong>Allokeringsstatistik<\/strong><\/p><ul><li>Afstand<\/li><li>Alder<\/li><li>Intern\/aftager<\/li><li>Antal allokeringer pr. censor<\/li><li>Antal studerende pr. censor<\/li><li>Allokeringer p\u00e5 uddannelsen<\/li><\/ul><p><strong>Beskikkelsesstatistik<\/strong><\/p><ul><li>Opdelt p\u00e5 fag<\/li><\/ul><p><strong>Karakterstatistik<\/strong><\/p><ul><li>Fordelt p\u00e5 kategorier\/kvalifikationer<\/li><\/ul><p><strong>Rapporter<\/strong><\/p><ul><li>Censor- og eksaminatorrapport<\/li><li>Opsummering af censorrapporter<\/li><li>Statistik for censorrapporter<\/li><\/ul><p>&nbsp;<\/p><\/div><\/div><\/div><div class=\"ea-card sp-ea-single\"><h3 class=\"ea-header\"><a class=\"collapsed\" id=\"ea-header-9001\" role=\"button\" data-sptoggle=\"spcollapse\" data-sptarget=\"#collapse9001\" aria-controls=\"collapse9001\" href=\"#\" aria-expanded=\"false\" tabindex=\"0\"><i aria-hidden=\"true\" role=\"presentation\" class=\"ea-expand-icon eap-icon-ea-expand-plus\"><\/i> \u00c5rligt m\u00f8de mellem Censorsekretariatet, censorledelserne samt uddannelsesnetv\u00e6rk og de faglige f\u00e6llesudvalg<\/a><\/h3><div class=\"sp-collapse spcollapse spcollapse\" id=\"collapse9001\" data-parent=\"#sp-ea-900\" role=\"region\" aria-labelledby=\"ea-header-9001\"> <div class=\"ea-body\"><p>Der afholdes minimum \u00e9t m\u00f8de om \u00e5ret ultimo oktober eller primo november mellem overst\u00e5ende interessenter. Censorledelserne er organiseret efter besl\u00e6gtede uddannelser, og m\u00f8derne vil blive afholdt samlet i disse uddannelsesfamilier. Det betyder i praksis, at hvis censorledelserne er ansvarlige for fx 5 uddannelser, s\u00e5 vil det v\u00e6re disse 5 netv\u00e6rksforpersoner, der vil v\u00e6re repr\u00e6senteret p\u00e5 m\u00f8det. M\u00f8derne er berammet til at foreg\u00e5 digitalt men med mulighed for fysisk fremm\u00f8de. Der vil til hvert m\u00f8de v\u00e6re en dagsorden med faste punkter samt mulighed for at supplere med andre relevante punkter til dagsordenen.<\/p><p>Det er censorledelserne i samarbejde med netv\u00e6rkene og de faglige f\u00e6llesudvalg der sammen planl\u00e6gger og faciliterer disse m\u00f8der. Censorsekretariatet deltager gerne i disse m\u00f8der, s\u00e5fremt dette er muligt.<\/p><p><strong>Dagsorden<\/strong><\/p><ul><li><strong>Pr\u00e6sentation af nye censorledelser (hvert fjerde \u00e5r)<\/strong><\/li><li><strong>Censorledelserne freml\u00e6gger \u00e5rsberetning<\/strong><\/li><li><strong>Hvor er uddannelserne lige nu, og i hvilken retning bev\u00e6ger de sig henimod i forhold til aftagerfeltet?<\/strong><\/li><li><strong>Dr\u00f8ftelse af studieordninger<\/strong><ul><li>Pr\u00f8veformer<\/li><li>Gennemgang af v\u00e6sentlige \u00e6ndringer<\/li><\/ul><\/li><li><strong>Dr\u00f8ftelse af censorkorpset<\/strong><ul><li>Hvordan sikrer vi et rutineret censorkorps?<\/li><li>Censors rolle og opgave<\/li><li>Indstilling af censorer, fx dannelse af censorkorps og evt. mangel p\u00e5 censorer i l\u00f8bet af den 4-\u00e5rige periode<\/li><li>Gennemgang af censor- og eksaminatorrapporter<\/li><\/ul><\/li><li><strong>Dr\u00f8ftelse af institutionsakkreditering<\/strong><ul><li>Dialog om censorledelsernes forpligtigelser og samarbejde herom<\/li><li>Netv\u00e6rkets adgang til oplysninger i Censorum, fx censor- og eksaminatorrapporter og statistik<\/li><\/ul><\/li><li><strong>Dr\u00f8ftelse af samarbejdet med Censorsekretariatet<\/strong><ul><li>Opgavefordeling mellem Censorsekretariatet, institutionerne og censorledelserne.<\/li><li>Sp\u00f8rgsm\u00e5l vedr. allokeringssystemets anvendelse og muligheder<\/li><\/ul><\/li><\/ul><ul><li><strong>Rettidige indkommende punkter fra netv\u00e6rket, censorledelsen samt Censorsekretariatet<\/strong><\/li><\/ul><\/div><\/div><\/div><\/div><\/div><\/div>\n\n\n<p><\/p>\n","protected":false},"excerpt":{"rendered":"<p>Uddannelsesnetv\u00e6rkene og\/eller de faglige f\u00e6llesudvalg er den udfarende kraft i skabelse af studieordninger og sikrer at disse, ved v\u00e6sentlige \u00e6ndringer, kommer i h\u00f8ring ved censorledelserne. Censorledelserne og Censorsekretariatet samarbejder med uddannelsesnetv\u00e6rkene omkring indstilling af censorer til ministeriel beskikkelse, og er en st\u00e6rk samarbejdspartner i styring af kvalitetssikring og ensartethed p\u00e5 tv\u00e6rs af uddannelserne. B\u00e5de Censorsekretariatet &#8230; <a title=\"Uddannelsesnetv\u00e6rk\/faglige f\u00e6llesudvalg\" class=\"read-more\" href=\"https:\/\/censorsekretariatet.dk\/?page_id=49\" aria-label=\"Read more about Uddannelsesnetv\u00e6rk\/faglige f\u00e6llesudvalg\">Read more<\/a><\/p>\n","protected":false},"author":3,"featured_media":0,"parent":0,"menu_order":0,"comment_status":"closed","ping_status":"closed","template":"","meta":{"footnotes":""},"class_list":["post-49","page","type-page","status-publish"],"_links":{"self":[{"href":"https:\/\/censorsekretariatet.dk\/index.php?rest_route=\/wp\/v2\/pages\/49","targetHints":{"allow":["GET"]}}],"collection":[{"href":"https:\/\/censorsekretariatet.dk\/index.php?rest_route=\/wp\/v2\/pages"}],"about":[{"href":"https:\/\/censorsekretariatet.dk\/index.php?rest_route=\/wp\/v2\/types\/page"}],"author":[{"embeddable":true,"href":"https:\/\/censorsekretariatet.dk\/index.php?rest_route=\/wp\/v2\/users\/3"}],"replies":[{"embeddable":true,"href":"https:\/\/censorsekretariatet.dk\/index.php?rest_route=%2Fwp%2Fv2%2Fcomments&post=49"}],"version-history":[{"count":12,"href":"https:\/\/censorsekretariatet.dk\/index.php?rest_route=\/wp\/v2\/pages\/49\/revisions"}],"predecessor-version":[{"id":1081,"href":"https:\/\/censorsekretariatet.dk\/index.php?rest_route=\/wp\/v2\/pages\/49\/revisions\/1081"}],"wp:attachment":[{"href":"https:\/\/censorsekretariatet.dk\/index.php?rest_route=%2Fwp%2Fv2%2Fmedia&parent=49"}],"curies":[{"name":"wp","href":"https:\/\/api.w.org\/{rel}","templated":true}]}}