{"id":52,"date":"2025-03-14T14:43:07","date_gmt":"2025-03-14T13:43:07","guid":{"rendered":"https:\/\/censorsekretariatet.censorum.dk\/?page_id=52"},"modified":"2026-04-20T10:41:34","modified_gmt":"2026-04-20T08:41:34","slug":"censorsekretariatet","status":"publish","type":"page","link":"https:\/\/censorsekretariatet.dk\/?page_id=52","title":{"rendered":"Censorsekretariatet"},"content":{"rendered":"<div class=\"wp-block-image\">\n<figure class=\"alignright size-full\"><img loading=\"lazy\" decoding=\"async\" width=\"41\" height=\"63\" src=\"https:\/\/censorsekretariatet.dk\/wp-content\/uploads\/2025\/03\/anker_censorsek.png\" alt=\"\" class=\"wp-image-37\"\/><\/figure>\n<\/div>\n\n\n<p>Censorsekretariatet servicerer og bist\u00e5r de landsd\u00e6kkende censorledelser, som h\u00f8rer under Uddannelses- og Forskningsstyrelsen.<br>Sekretariatet er det koordinerende bindeled mellem censorer og uddannelsesinstitutioner, og det er sekretariatets opgave at assistere administrativt i forhold til censorinstitutionens samlede interesser.<\/p>\n\n\n\n<p>Censorsekretariatet fungerer som en administrativ enhed med det prim\u00e6re ansvar at allokere censorer til eksterne pr\u00f8ver p\u00e5 de erhvervsrettede videreg\u00e5ende uddannelser inden for f\u00f8lgende omr\u00e5der:<\/p>\n\n\n\n<ul class=\"wp-block-list\">\n<li>Merkantile erhvervsakademi- og professionsbacheloruddannelser<\/li>\n\n\n\n<li>IT KVU uddannelser og IT professionsbacheloruddannelser<\/li>\n\n\n\n<li>Akademiuddannelser, AU<\/li>\n\n\n\n<li>De tekniske KVU uddannelser og professionsbacheloruddannelser<\/li>\n\n\n\n<li>Den merkantile diplomuddannelse<\/li>\n<\/ul>\n\n\n\n<p class=\"has-accent-color has-text-color has-link-color has-medium-font-size wp-elements-cafb625ad25ee4faa9ac7a0f75d3ee7c\"><strong>Censorsekretariatets arbejde og opgaver<\/strong><\/p>\n\n\n\n<p class=\"has-contrast-color has-text-color has-link-color wp-elements-aa0bd40a1d0fd6fc54cb4fffe14b2775\">Censorsekretariatet fungerer som det koordinerende bindeled mellem censorer og uddannelsesinstitutioner og varetager blandt andet den praktiske h\u00e5ndtering af censorallokeringer. Vi udarbejder eksamensstatistikker, holder os opdateret p\u00e5 nye bekendtg\u00f8relser, studieordninger og lignende, og bist\u00e5r ved neds\u00e6ttelse af anken\u00e6vn, n\u00e5r en studerende anker en afg\u00f8relse vedr\u00f8rende pr\u00f8ver og pr\u00f8veforl\u00f8b. Derudover indstiller vi censorer til beskikkelse ved Uddannelses- og Forskningsstyrelsen.<\/p>\n\n\n\n<p>Vi fungerer ogs\u00e5 som sekretariat for de landsd\u00e6kkende censorledelser under Uddannelses- og Forskningsstyrelsen og servicerer dem i deres arbejde med at sikre kvalitet og lighed p\u00e5 tv\u00e6rs af uddannelserne, s\u00e5 de studerende sikres en ensartet og fair eksamen.<\/p>\n\n\n\n<p>Censorsekretariatet besvarer en lang r\u00e6kke sp\u00f8rgsm\u00e5l fra blandt andre uddannelsesledere, administrative medarbejdere, censorer og Styrelsen for Videreg\u00e5ende Uddannelser. Vi er en central akt\u00f8r i arbejdet med at fremme kvalitet og ensartethed p\u00e5 de uddannelser, hvor vi allokerer censorer.<\/p>\n\n\n\n<p class=\"has-contrast-color has-text-color has-link-color wp-elements-1b3ba946d2e472721cd691934628a9e9\">Fordelingen af opgaver og ansvarsomr\u00e5der fremg\u00e5r under fanen&nbsp;&#8216;Censorsekretariatet&#8217; &#8211; &#8216;Kontakt os&#8217;, hvor du kan se, hvilke medarbejdere i sekretariatet, der varetager hvilke funktioner.<br><\/p>\n\n\n\n<p class=\"has-accent-color has-text-color has-link-color has-medium-font-size wp-elements-8ac70b3ad7073a1b0a395b27ee7bed35\"><strong>Censorsekretariatets kvalitetsproces<\/strong><\/p>\n\n\n\n<p>Censorsekretariatet arbejder l\u00f8bende med kvalitetssikring af procedurer og processer for at sikre en effektiv og professionel opgavel\u00f8sning. Samtidig har vi fokus p\u00e5 l\u00f8bende optimering af vores arbejdsgange. Som led i dette arbejde har Censorsekretariatet udarbejdet en kvalitetssikringsprocedure, der indeholder opgave- og procesbeskrivelser for sekretariatets forskellige arbejdsomr\u00e5der. Kvalitetsarbejdet tager udgangspunkt i den fire\u00e5rige valgperiode, jf. censorbekendtg\u00f8relsen, og gennemf\u00f8res forskudt af denne periode.<\/p>\n\n\n\n<p>Valgperioden udg\u00f8r en naturlig ramme, idet alle sekretariatets opgaver og funktioner typisk genneml\u00f8bes i l\u00f8bet af en s\u00e5dan periode. Det giver mulighed for l\u00f8bende at evaluere og justere arbejdsomr\u00e5der og materialer.<\/p>\n\n\n\n<p>Alle opgaver vurderes og dokumenteres systematisk ud fra f\u00f8lgende struktur:<\/p>\n\n\n\n<ul class=\"wp-block-list\">\n<li><strong>Opgaven<\/strong>\n<ul class=\"wp-block-list\">\n<li>Hvad er opgaven og form\u00e5let med denne?<\/li>\n<\/ul>\n<\/li>\n\n\n\n<li><strong>Hvordan l\u00f8ses opgaven?<\/strong>\n<ul class=\"wp-block-list\">\n<li>Beskrivelse af processer i relation til opgaven<\/li>\n<\/ul>\n<\/li>\n\n\n\n<li><strong>Tidshorisont<\/strong>\n<ul class=\"wp-block-list\">\n<li>Hvorn\u00e5r og hvor ofte l\u00f8ses opgaven?<\/li>\n<\/ul>\n<\/li>\n\n\n\n<li><strong>Opm\u00e6rksomhedspunkter<\/strong>\n<ul class=\"wp-block-list\">\n<li>Er der s\u00e6rlige forhold, som er g\u00e6ldende og kan have indflydelse p\u00e5 opgaven, eller s\u00e6rlige hensyn der skal tages i opgavel\u00f8sningen?<\/li>\n<\/ul>\n<\/li>\n<\/ul>\n\n\n\n<p class=\"has-accent-color has-text-color has-link-color has-medium-font-size wp-elements-da996612fec9756f1733196310be788f\"><strong>Censorinstitutionen visualiseret<\/strong><\/p>\n\n\n\n<p>Censorinstitutionen best\u00e5r af en r\u00e6kke akt\u00f8rer, som hver is\u00e6r spiller en vigtig rolle i samarbejdet om at sikre kvalitet p\u00e5 de videreg\u00e5ende uddannelser, hvilket kan illustreres p\u00e5 f\u00f8lgende m\u00e5de:<\/p>\n\n\n<div class=\"wp-block-image\">\n<figure class=\"aligncenter size-full\"><img loading=\"lazy\" decoding=\"async\" width=\"350\" height=\"247\" src=\"https:\/\/censorsekretariatet.censorum.dk\/wp-content\/uploads\/2025\/03\/lille_skoleskib.png\" alt=\"\" class=\"wp-image-28\" srcset=\"https:\/\/censorsekretariatet.dk\/wp-content\/uploads\/2025\/03\/lille_skoleskib.png 350w, https:\/\/censorsekretariatet.dk\/wp-content\/uploads\/2025\/03\/lille_skoleskib-300x212.png 300w\" sizes=\"auto, (max-width: 350px) 100vw, 350px\" \/><\/figure>\n<\/div>\n\n\n<ul class=\"wp-block-list\">\n<li><strong>Uddannelses- og Forskningsstyrelsen <\/strong>fungerer som <em>&#8220;Kronen&#8221;<\/em> og er den overordnede myndighed, der fasts\u00e6tter rammer og retningslinjer for hele censorinstitutionens arbejde.<\/li>\n\n\n\n<li>I centrum er <em>&#8220;Skoleskibet&#8221;<\/em>, hvor de studerende tager deres uddannelse.\n<ul class=\"wp-block-list\">\n<li><strong>Den studerende <\/strong>er ombord for at vise, at vedkommende har l\u00e6rt at styre skibet &#8211; det vil sige demonstrere faglig kunnen.<\/li>\n\n\n\n<li><strong>Eksaminator <\/strong>er den faglige vejleder, der kender ruten og underviser i navigationen.<\/li>\n<\/ul>\n<\/li>\n<\/ul>\n\n\n\n<p><strong>Censor <\/strong>er observat\u00f8ren, der sikrer, at rejsen foreg\u00e5r efter reglerne.<\/p>\n\n\n\n<p>N\u00e5r eksamen skal gennemf\u00f8res, igangs\u00e6tter eksamensplanl\u00e6ggeren processen ved hj\u00e6lp af <em>&#8220;\u00c5rerne&#8221;<\/em>.<\/p>\n\n\n\n<ul class=\"wp-block-list\">\n<li><strong>Censorledelserne <\/strong>fungerer som <em>&#8220;Fyrt\u00e5rnet&#8221;<\/em>, da de har det faglige overblik og kan vejlede censorer ved fagfaglige sp\u00f8rgsm\u00e5l.<\/li>\n\n\n\n<li><strong>Uddannelsesnetv\u00e6rket <\/strong>er <em>&#8220;Kortet&#8221;<\/em>, som giver overblik over landskabet af uddannelser.<\/li>\n\n\n\n<li><strong>Censorsekretariatet <\/strong>er <em>&#8220;Ankeret&#8221;<\/em> og det koordinerende bindeled i samarbejdet mellem uddannelsesinstitutionerne og censorerne.<\/li>\n\n\n\n<li><strong>Danske Erhvervsakademier <\/strong>er <em>&#8220;Kompasset&#8221;<\/em>, da de skal sikre og vejlede i at holde kursen i forhold til drift og udvikling.<\/li>\n<\/ul>\n\n\n\n<p>Ovenst\u00e5ende visualisering illustrerer samarbejdet i censorinstitutionen, hvor alle interessenter bidrager med hver deres vigtige rolle, og hvor f\u00e6lles retning, kvalitet og koordinering er i centrum.<\/p>\n\n\n\n<p class=\"has-accent-color has-text-color has-link-color has-medium-font-size wp-elements-601d21ceed6d01d98c6d1c475b826b6b\"><strong>Hjemmesidens anvendelse<\/strong><\/p>\n\n\n\n<p>Vores hjemmeside s\u00f8ges altid at v\u00e6re opdateret med relevant og n\u00f8dvendig information om censorinstitutionen. Hjemmesiden er opbygget efter censorinstitutionens forskellige interessentgrupper, s\u00e5 du hurtigt og nemt kan finde den information eller vejledning, der er relevant for dig.<\/p>\n\n\n\n<p>Hvis du mangler information i forhold til den rolle, du har i eller omkring censorinstitutionen, er du meget velkommen til at kontakte Censorsekretariatet. Du finder vores kontaktoplysninger under fanen <strong>&#8216;<\/strong>Censorsekretariatet<strong>&#8216; &#8211; &#8216;<\/strong>Kontakt os&#8217;.<\/p>\n\n\n\n<p><\/p>\n","protected":false},"excerpt":{"rendered":"<p>Censorsekretariatet servicerer og bist\u00e5r de landsd\u00e6kkende censorledelser, som h\u00f8rer under Uddannelses- og Forskningsstyrelsen.Sekretariatet er det koordinerende bindeled mellem censorer og uddannelsesinstitutioner, og det er sekretariatets opgave at assistere administrativt i forhold til censorinstitutionens samlede interesser. Censorsekretariatet fungerer som en administrativ enhed med det prim\u00e6re ansvar at allokere censorer til eksterne pr\u00f8ver p\u00e5 de erhvervsrettede videreg\u00e5ende &#8230; <a title=\"Censorsekretariatet\" class=\"read-more\" href=\"https:\/\/censorsekretariatet.dk\/?page_id=52\" aria-label=\"Read more about Censorsekretariatet\">Read more<\/a><\/p>\n","protected":false},"author":3,"featured_media":0,"parent":0,"menu_order":0,"comment_status":"closed","ping_status":"closed","template":"","meta":{"footnotes":""},"class_list":["post-52","page","type-page","status-publish"],"_links":{"self":[{"href":"https:\/\/censorsekretariatet.dk\/index.php?rest_route=\/wp\/v2\/pages\/52","targetHints":{"allow":["GET"]}}],"collection":[{"href":"https:\/\/censorsekretariatet.dk\/index.php?rest_route=\/wp\/v2\/pages"}],"about":[{"href":"https:\/\/censorsekretariatet.dk\/index.php?rest_route=\/wp\/v2\/types\/page"}],"author":[{"embeddable":true,"href":"https:\/\/censorsekretariatet.dk\/index.php?rest_route=\/wp\/v2\/users\/3"}],"replies":[{"embeddable":true,"href":"https:\/\/censorsekretariatet.dk\/index.php?rest_route=%2Fwp%2Fv2%2Fcomments&post=52"}],"version-history":[{"count":17,"href":"https:\/\/censorsekretariatet.dk\/index.php?rest_route=\/wp\/v2\/pages\/52\/revisions"}],"predecessor-version":[{"id":1079,"href":"https:\/\/censorsekretariatet.dk\/index.php?rest_route=\/wp\/v2\/pages\/52\/revisions\/1079"}],"wp:attachment":[{"href":"https:\/\/censorsekretariatet.dk\/index.php?rest_route=%2Fwp%2Fv2%2Fmedia&parent=52"}],"curies":[{"name":"wp","href":"https:\/\/api.w.org\/{rel}","templated":true}]}}