{"id":55,"date":"2025-03-14T14:43:33","date_gmt":"2025-03-14T13:43:33","guid":{"rendered":"https:\/\/censorsekretariatet.censorum.dk\/?page_id=55"},"modified":"2026-04-20T10:42:33","modified_gmt":"2026-04-20T08:42:33","slug":"danske-erhvervsakademier","status":"publish","type":"page","link":"https:\/\/censorsekretariatet.dk\/?page_id=55","title":{"rendered":"Danske Erhvervsakademier"},"content":{"rendered":"<div class=\"wp-block-image\">\n<figure class=\"alignright size-full is-resized\"><img loading=\"lazy\" decoding=\"async\" width=\"104\" height=\"109\" src=\"https:\/\/censorsekretariatet.dk\/wp-content\/uploads\/2025\/08\/kompas_Erhvervsaka_vejleder.png\" alt=\"\" class=\"wp-image-367\" style=\"width:119px;height:auto\"\/><\/figure>\n<\/div>\n\n\n<p><mark style=\"background-color:rgba(0, 0, 0, 0)\" class=\"has-inline-color has-contrast-color\">Danske Erhvervsakademier fungerer som faglig r\u00e5dgiver og skal sikre kontinuitet og innovation i sekretariatet. Danske Erhvervsakademier f\u00f8lger herunder med i de uddannelsespolitiske tendenser og igangs\u00e6tter tiltag, der kan udvikle Censorsekretariatet.<\/mark><\/p>\n\n\n\n<p class=\"has-accent-color has-text-color has-link-color has-medium-font-size wp-elements-31316790235c07ceef299453ee5b95e9\"><strong>Danske Erhvervsakademiers rolle<\/strong><\/p>\n\n\n\n<p>Danske Erhvervsakademiers opgave er at repr\u00e6sentere akademierne udadtil. De skal p\u00e5se, at de forhold der kr\u00e6ves i lovgivningen og forretningsordenen overholdes. \u00d8vrige arbejdsopgaver er fastsat i henhold til Censorsekretariatets kommissorium.<br><br>Form\u00e5let er at virke for udviklingen af uddannelse p\u00e5 de omr\u00e5der, som lovgivningsm\u00e6ssigt kan varetages af Censorsekretariatet samt at varetage Censorsekretariatets interesser. Danske Erhvervsakademier forventes at underst\u00f8tte en fagomr\u00e5despecifik dialog og koordination i sektoren og fungere som fagligt r\u00e5dgivningsorgan for Censorsekretariatet ift. de emner, der ber\u00f8rer det faglige omr\u00e5des uddannelser og fagomr\u00e5de samt Censorsekretariatets arbejde. Herunder opstilling af l\u00f8sningsparadigmer ved f\u00e6lles faglige problemer, og herved sikre faglig og administrativ vejledning.<\/p>\n\n\n\n<p>Vil du vide mere om Danske Erhvervsakademier, kan du tilg\u00e5 deres hjemmeside via dette link:&nbsp;<a href=\"http:\/\/www.dkea.dk\/\">www.dkea.dk<\/a><\/p>\n\n\n\n<p>Her kan du bl.a. finde informationer om f\u00f8lgende:<\/p>\n\n\n\n<ul class=\"wp-block-list\">\n<li>Kontaktinformation&nbsp;<a href=\"https:\/\/dkea.dk\/kontakt\" target=\"_blank\" rel=\"noreferrer noopener\">Kontakt | Danske Erhvervsakademier (dkea.dk)<\/a><\/li>\n\n\n\n<li>\u00c5rsberetninger&nbsp;<a href=\"https:\/\/dkea.dk\/sektoren\/aarsberetninger\" target=\"_blank\" rel=\"noreferrer noopener\">\u00c5rsberetninger | Danske Erhvervsakademier (dkea.dk)<\/a><\/li>\n\n\n\n<li>Fakta om Danske Erhvervsakademier&nbsp;<a href=\"https:\/\/dkea.dk\/fakta\" target=\"_blank\" rel=\"noreferrer noopener\"><\/a><a href=\"https:\/\/dkea.dk\/udgivelser\/fakta-om-erhvervsakademierne\" target=\"_blank\" rel=\"noreferrer noopener\">Fakta om Erhvervsakademierne | Danske Erhvervsakademier<\/a>\n<ul class=\"wp-block-list\">\n<li>Her kan du finde information om:\n\n\n<ul class=\"wp-block-list\">\n<li>Akademierne<\/li>\n\n\n\n<li>Uddannelserne i tal<\/li>\n\n\n\n<li>Uddannelserne generelt<\/li>\n\n\n\n<li>Analyser, som kaster lys over erhvervsakademisektoren<\/li>\n<\/ul>\n<\/li>\n<\/ul>\n<\/li>\n<\/ul>\n\n\n\n<p>Censorsekretariatets kontaktpersoner ved Danske Erhvervsakademier:<br><br>&#8211; Anne-Mette T\u00f8nnesen, amt@easv.dk, Erhvervsakademi Sydvest<br>&#8211; Kim S\u00f8rensen Ramus, kbsr@eaaa.dk, Erhvervsakademi Aarhus<\/p>\n\n\n\n<p>Nedenfor finder du aftalegrundlaget for sekretariatsbetjeningen:<\/p>\n\n\n\n<div class=\"wp-block-file\"><a id=\"wp-block-file--media-f27c42aa-8add-4e0f-87aa-905b0b8a6321\" href=\"https:\/\/censorsekretariatet.censorum.dk\/wp-content\/uploads\/2026\/04\/Aftalegrundlag-angaende-sekretariatsbetjening.pdf\" target=\"_blank\" rel=\"noreferrer noopener\">Aftalegrundlag ang\u00e5ende sekretariatsbetjening<\/a><\/div>\n\n\n<div ><style>#sp-ea-212 .spcollapsing { height: 0; overflow: hidden; transition-property: height;transition-duration: 300ms;}#sp-ea-212.sp-easy-accordion>.sp-ea-single {margin-bottom: 10px; border: 0px none #e2e2e2; }#sp-ea-212.sp-easy-accordion>.sp-ea-single>.ea-header a {color: #444;}#sp-ea-212.sp-easy-accordion>.sp-ea-single>.sp-collapse>.ea-body {background: #fff; color: #444;}#sp-ea-212.sp-easy-accordion>.sp-ea-single {background: #ffffff;}#sp-ea-212.sp-easy-accordion>.sp-ea-single>.ea-header a .ea-expand-icon { float: left; color: #444;font-size: 16px;}<\/style><div id=\"sp_easy_accordion-1742904582\"><div id=\"sp-ea-212\" class=\"sp-ea-one sp-easy-accordion\" data-ea-active=\"ea-click\" data-ea-mode=\"vertical\" data-preloader=\"\" data-scroll-active-item=\"\" data-offset-to-scroll=\"0\"><div class=\"ea-card sp-ea-single\"><h3 class=\"ea-header\"><a class=\"collapsed\" id=\"ea-header-2120\" role=\"button\" data-sptoggle=\"spcollapse\" data-sptarget=\"#collapse2120\" aria-controls=\"collapse2120\" href=\"#\" aria-expanded=\"false\" tabindex=\"0\"><i aria-hidden=\"true\" role=\"presentation\" class=\"ea-expand-icon eap-icon-ea-expand-plus\"><\/i> Virksomhedsbeskrivelse af Censorsekretariatet<\/a><\/h3><div class=\"sp-collapse spcollapse spcollapse\" id=\"collapse2120\" data-parent=\"#sp-ea-212\" role=\"region\" aria-labelledby=\"ea-header-2120\"> <div class=\"ea-body\"><div><div id=\"cms_page_597_body\" class=\"level-3 cms-page-body\"><p><strong>Censor<\/strong><strong>sekretariatets mission<br \/><\/strong>Censorsekretariatet allokerer censur p\u00e5 de kortere og videreg\u00e5ende uddannelser inden for det merkantile og tekniske omr\u00e5de. Vi vil derfor bringe kvalitet og ensartethed i spil ved konsekvent at samarbejde med vores interessenter p\u00e5 tv\u00e6rs og derigennem sikre en fair evaluering af de studerende p\u00e5 de enkelte uddannelser, som Censorsekretariatet repr\u00e6senterer.<\/p><p><strong>Censorsekretariatets vision<br \/><\/strong>Censorsekretariatet \u00f8nsker at v\u00e6re samarbejdsorienteret i relation til de enkelte uddannelsesinstitutioner, som vi servicerer. Derfor \u00f8nsker vi at holde fokus mod at udvide disse relationer til besl\u00e6gtede uddannelser inden for det merkantile og tekniske omr\u00e5de.<\/p><p><strong>Censorsekretariatets v\u00e6rdigrundlag<br \/><\/strong>F\u00e6llesskab og samarbejde<br \/>Handlings- og resultatorienteret<br \/>Selvdisciplin og ansvarlighed<br \/>Anerkendelse og respekt<br \/>Fleksibilitet og engagement<\/p><\/div><\/div><\/div><\/div><\/div><div class=\"ea-card sp-ea-single\"><h3 class=\"ea-header\"><a class=\"collapsed\" id=\"ea-header-2121\" role=\"button\" data-sptoggle=\"spcollapse\" data-sptarget=\"#collapse2121\" aria-controls=\"collapse2121\" href=\"#\" aria-expanded=\"false\" tabindex=\"0\"><i aria-hidden=\"true\" role=\"presentation\" class=\"ea-expand-icon eap-icon-ea-expand-plus\"><\/i> Kommissorium<\/a><\/h3><div class=\"sp-collapse spcollapse spcollapse\" id=\"collapse2121\" data-parent=\"#sp-ea-212\" role=\"region\" aria-labelledby=\"ea-header-2121\"> <div class=\"ea-body\"><p>I filen nedenfor findes det kommissorium, der bl.a. beskriver Censorsekretariatets organisering i forhold til Danske Erhvervsakademier. Kommissoriet er derudover kort foldet ud herunder.<\/p><p><a href=\"https:\/\/censorsekretariatet.censorum.dk\/wp-content\/uploads\/2025\/03\/Kommissorium-1.pdf\" target=\"_blank\" rel=\"noopener\">Kommissorium<\/a><\/p><\/div><\/div><\/div><div class=\"ea-card sp-ea-single\"><h3 class=\"ea-header\"><a class=\"collapsed\" id=\"ea-header-2122\" role=\"button\" data-sptoggle=\"spcollapse\" data-sptarget=\"#collapse2122\" aria-controls=\"collapse2122\" href=\"#\" aria-expanded=\"false\" tabindex=\"0\"><i aria-hidden=\"true\" role=\"presentation\" class=\"ea-expand-icon eap-icon-ea-expand-plus\"><\/i> Censorsekretariatets arbejdsopgaver<\/a><\/h3><div class=\"sp-collapse spcollapse spcollapse\" id=\"collapse2122\" data-parent=\"#sp-ea-212\" role=\"region\" aria-labelledby=\"ea-header-2122\"> <div class=\"ea-body\"><ul><li>Sekretariatets st\u00f8rste og mest omfangsrige opgave er at allokere censorer i forbindelse med sommer- og vintereksamen<\/li><li>Ved tildeling af censorer tages der bl.a. hensyn til institutionens \u00f8nsker \u2013 hvis s\u00e5danne er fremsatte og efterlevelse heraf sk\u00f8nnes at v\u00e6re forsvarlig \u2013 jf. eksamensbekendtg\u00f8relsen og censorbekendtg\u00f8relsen<ul><li style=\"list-style-type: none\"><ul><li>Censorsekretariatet underretter censorer og institutioner om tildelt censur. Institutionen informerer censor om \u201ddet forn\u00f8dne\u201d for censurens gennemf\u00f8relse<\/li><\/ul><\/li><\/ul><\/li><li>Kontakten til censorer og uddannelsesinstitutioner<\/li><li>Udarbejdelse af diverse statistikker<\/li><li>Udarbejdelse og vedligeholdelse af sekretariatets hjemmeside \u2013\u00a0<a href=\"http:\/\/www.censorsekretariatet.dk\/\">www.censorsekretariatet.dk<br \/><\/a><\/li><li>Tilrettel\u00e6ggelse samt afholdelse af m\u00f8der med censorledelserne<\/li><li>Deltage i m\u00f8der med uddannelsesnetv\u00e6rk<\/li><li>Indstille censorer til ministeriel beskikkelse efter censorledelsernes indsigt har fundet sted<\/li><li>At fungere som koordinerende bindeled mellem censorer og institutioner<\/li><li>V\u00e6re ajourf\u00f8rt med viden omkring nye bekendtg\u00f8relser, studieordninger m.m.<\/li><li>Medvirke ved neds\u00e6ttelse af anken\u00e6vn<\/li><li>Servicering af censorledelserne<\/li><li>Besvarer sp\u00f8rgsm\u00e5l fra uddannelsesledere, administrative medarbejdere, censorer, eksaminatorer osv.<\/li><li>V\u00e6re behj\u00e6lpelig med at lave en samlet \u00e5rsberetning til uddannelsesinstitutionerne<\/li><li>Deltage i m\u00f8der vedr. censorallokeringssystemet samt bidrage til udvikling af samme<\/li><li>V\u00e6re behj\u00e6lpelig med administrationen omkring sagsbehandling<\/li><li>Deltagelse i \u00e5rligt m\u00f8de i Styrelsen<\/li><li>M.fl.<\/li><\/ul><\/div><\/div><\/div><div class=\"ea-card sp-ea-single\"><h3 class=\"ea-header\"><a class=\"collapsed\" id=\"ea-header-2123\" role=\"button\" data-sptoggle=\"spcollapse\" data-sptarget=\"#collapse2123\" aria-controls=\"collapse2123\" href=\"#\" aria-expanded=\"false\" tabindex=\"0\"><i aria-hidden=\"true\" role=\"presentation\" class=\"ea-expand-icon eap-icon-ea-expand-plus\"><\/i> Samarbejde mellem censorledelserne, uddannelsesinstitutionerne og Censorsekretariatet<\/a><\/h3><div class=\"sp-collapse spcollapse spcollapse\" id=\"collapse2123\" data-parent=\"#sp-ea-212\" role=\"region\" aria-labelledby=\"ea-header-2123\"> <div class=\"ea-body\"><p><strong>Censorledelsens ansvarsomr\u00e5de<br \/><\/strong>Forpersonen for den enkelte censorledelse har det overordnede ansvar og kan dermed drages ansvarlig for ledelsens aktiviteter. Det er forpersonen, der sikrer arbejds- og opgavefordeling internt i ledelsen. Dermed har forpersonen den endelige beslutningsret. Censorsekretariatet er kun forpligtet til at orientere forpersonen i forhold til sekretariatets aktiviteter, hvorefter forpersonen selv orienterer den enkelte n\u00e6stforperson.<\/p><p><strong>Censorledelsens<\/strong><strong>\u00a0arbejdsopgaver<br \/><\/strong>Censorledelsernes ansvarsomr\u00e5de er beskrevet ud fra eksamensbekendtg\u00f8relsens og censorbekendtg\u00f8relsens bestemmelser, men er ogs\u00e5 omfattet af anden lovgivning, bl.a. forvaltningslovens bestemmelser m.fl. Censorledelsernes arbejdsopgaver er n\u00e6rmere beskrevet i f\u00f8lgende dokument: <a href=\"https:\/\/censorsekretariatet.censorum.dk\/wp-content\/uploads\/2026\/04\/Arbejds-_og_opgavebeskrivelse_af_censorledelsernes_virke.pdf\" target=\"_blank\" rel=\"noopener\">Arbejds- og opgavebeskrivelse af censorledelsernes virke<\/a>. Censorledelsernes virke skal ske i t\u00e6t samarbejde med b\u00e5de Censorsekretariatet og uddannelsesinstitutionerne. Dette tager afs\u00e6t i bestemmelsen om, at institutionerne efter forudg\u00e5ende aftale med censorledelserne yder administrativ og praktisk bistand, samt at institutionerne d\u00e6kker udgifterne til censorledelsens og censorernes virke, jf. censorbekendtg\u00f8relsen.<\/p><p><strong>Uddannelsesinstitutionernes arbejdsopgaver<br \/><\/strong>Uddannelsesinstitutionerne er ansvarlige for at v\u00e6re censorerne behj\u00e6lpelige med at lykkedes i deres virke. Generelt skal censors allokering betragtes som et individuelt ans\u00e6ttelsesforhold. Dette medf\u00f8rer, at langt de fleste forhold skal afklares med den eksamensafholdende institution. Nedenst\u00e5ende kan du finde eksempler p\u00e5, hvorn\u00e5r censor skal kontakte uddannelsesinstitutionen.<\/p><ul><li>Ved \u00f8konomiske forhold &#8211; herunder honorering, satser, rejseafregning, rejsetid evt. hotel udgifter mm.<\/li><li>Sp\u00f8rgsm\u00e5l vedr. pr\u00f8vens gennemf\u00f8relse<\/li><li>Ved opdagelse af evt. snyd, plagiering mm.<\/li><li>Praktiske forhold generelt, s\u00e5som m\u00f8detid, eksamensplan, parkering mm.<\/li><li>Sp\u00f8rgsm\u00e5l vedr. materialer, print m.m. som g\u00f8r sig g\u00e6ldende for censors virke<\/li><li>\u00c6ndrede forhold ved antal studerende i forhold til den konkrete pr\u00f8ve<\/li><li>Ved uenighed mellem eksaminator og censor i forhold til karakterfasts\u00e6ttelse henvises til karakterbekendtg\u00f8relsens bestemmelser (denne kan findes under fanen\u00a0<em>&#8216;Bekendtg\u00f8relser og regler&#8217;<\/em>)<\/li><li>Ved mangel p\u00e5 eller ved sp\u00f8rgsm\u00e5l til studieordningen (endvidere er studieordningen tilg\u00e6ngelig p\u00e5 institutionens hjemmeside)<\/li><li>Ved afbud eller sygdom kontaktes uddannelsesinstitutionen og Censorsekretariatet hurtigst muligt<\/li><li>Ved forsinkelse til en pr\u00f8ve kontaktes uddannelsesinstitutionen og Censorsekretariatet hurtigst muligt<\/li><li>Sp\u00f8rgsm\u00e5l ved anvendelse af diverse systemer, fx WISEflow<\/li><\/ul><\/div><\/div><\/div><div class=\"ea-card sp-ea-single\"><h3 class=\"ea-header\"><a class=\"collapsed\" id=\"ea-header-2124\" role=\"button\" data-sptoggle=\"spcollapse\" data-sptarget=\"#collapse2124\" aria-controls=\"collapse2124\" href=\"#\" aria-expanded=\"false\" tabindex=\"0\"><i aria-hidden=\"true\" role=\"presentation\" class=\"ea-expand-icon eap-icon-ea-expand-plus\"><\/i> Uddannelsesfamilier<\/a><\/h3><div class=\"sp-collapse spcollapse spcollapse\" id=\"collapse2124\" data-parent=\"#sp-ea-212\" role=\"region\" aria-labelledby=\"ea-header-2124\"> <div class=\"ea-body\"><div><div id=\"cms_page_600_body\" class=\"level-3 cms-page-body\"><p>Danske Erhvervsakademier har fastsat, at samtlige uddannelser er inddelt efter besl\u00e6gtede uddannelser og ud fra det fagspecifikke indhold af uddannelserne inden for det tekniske og merkantile omr\u00e5de. Uddannelserne er derfor inddelt i s\u00e5kaldte uddannelsesfamilier. Danske Erhvervsakademier beslutter derfor, hvilken uddannelsesfamilie nye uddannelser b\u00f8r tilg\u00e5.<\/p><p>If\u00f8lge censorbekendtg\u00f8relsen kan et censorkorps omfatte flere uddannelser, s\u00e5fremt de er besl\u00e6gtede, og antallet af censorer begrunder det. P\u00e5 Censorsekretariatets hjemmeside kan der under fanen\u00a0<em>&#8216;Kontakt censorledelsen&#8217;<\/em>\u00a0skabes et overblik over, hvilke uddannelser de enkelte censorledelser er ansvarlige for.<\/p><\/div><\/div><\/div><\/div><\/div><div class=\"ea-card sp-ea-single\"><h3 class=\"ea-header\"><a class=\"collapsed\" id=\"ea-header-2125\" role=\"button\" data-sptoggle=\"spcollapse\" data-sptarget=\"#collapse2125\" aria-controls=\"collapse2125\" href=\"#\" aria-expanded=\"false\" tabindex=\"0\"><i aria-hidden=\"true\" role=\"presentation\" class=\"ea-expand-icon eap-icon-ea-expand-plus\"><\/i> Referater<\/a><\/h3><div class=\"sp-collapse spcollapse spcollapse\" id=\"collapse2125\" data-parent=\"#sp-ea-212\" role=\"region\" aria-labelledby=\"ea-header-2125\"> <div class=\"ea-body\"><p><strong>2016<\/strong><br \/><a href=\"https:\/\/censorsekretariatet.censorum.dk\/wp-content\/uploads\/2025\/03\/Referat_-_Bestyrelsesm_de_22_01_16-1.pdf\" target=\"_blank\" rel=\"noopener\">Bestyrelsem\u00f8de 22. januar<\/a><br \/><a href=\"https:\/\/censorsekretariatet.censorum.dk\/wp-content\/uploads\/2025\/03\/Referat_bestyrelsesm_de_den_22_august-1.pdf\" target=\"_blank\" rel=\"noopener\">Bestyrelsesm\u00f8de 22. august<\/a><\/p><p><strong>2015<\/strong><br \/><a href=\"https:\/\/censorsekretariatet.censorum.dk\/wp-content\/uploads\/2025\/03\/Referat_-_Bestyrelsesm_de_13_03_2015-1.pdf\" target=\"_blank\" rel=\"noopener\">Bestyrelsem\u00f8de 13. marts<\/a><\/p><p><strong>2014<\/strong><br \/><a href=\"https:\/\/censorsekretariatet.censorum.dk\/wp-content\/uploads\/2025\/03\/Referat_bestyrelsesm_de_26_09_14-1.pdf\" target=\"_blank\" rel=\"noopener\">Bestyrelsesm\u00f8de 26. september<\/a><br \/><a href=\"https:\/\/censorsekretariatet.censorum.dk\/wp-content\/uploads\/2025\/03\/Referat_14._marts_2014_-1.pdf\" target=\"_blank\" rel=\"noopener\">Bestyrelsem\u00f8de 14. marts<\/a><\/p><\/div><\/div><\/div><\/div><\/div><\/div>","protected":false},"excerpt":{"rendered":"<p>Danske Erhvervsakademier fungerer som faglig r\u00e5dgiver og skal sikre kontinuitet og innovation i sekretariatet. Danske Erhvervsakademier f\u00f8lger herunder med i de uddannelsespolitiske tendenser og igangs\u00e6tter tiltag, der kan udvikle Censorsekretariatet. Danske Erhvervsakademiers rolle Danske Erhvervsakademiers opgave er at repr\u00e6sentere akademierne udadtil. De skal p\u00e5se, at de forhold der kr\u00e6ves i lovgivningen og forretningsordenen overholdes. \u00d8vrige &#8230; <a title=\"Danske Erhvervsakademier\" class=\"read-more\" href=\"https:\/\/censorsekretariatet.dk\/?page_id=55\" aria-label=\"Read more about Danske Erhvervsakademier\">Read more<\/a><\/p>\n","protected":false},"author":3,"featured_media":0,"parent":0,"menu_order":0,"comment_status":"closed","ping_status":"closed","template":"","meta":{"footnotes":""},"class_list":["post-55","page","type-page","status-publish"],"_links":{"self":[{"href":"https:\/\/censorsekretariatet.dk\/index.php?rest_route=\/wp\/v2\/pages\/55","targetHints":{"allow":["GET"]}}],"collection":[{"href":"https:\/\/censorsekretariatet.dk\/index.php?rest_route=\/wp\/v2\/pages"}],"about":[{"href":"https:\/\/censorsekretariatet.dk\/index.php?rest_route=\/wp\/v2\/types\/page"}],"author":[{"embeddable":true,"href":"https:\/\/censorsekretariatet.dk\/index.php?rest_route=\/wp\/v2\/users\/3"}],"replies":[{"embeddable":true,"href":"https:\/\/censorsekretariatet.dk\/index.php?rest_route=%2Fwp%2Fv2%2Fcomments&post=55"}],"version-history":[{"count":36,"href":"https:\/\/censorsekretariatet.dk\/index.php?rest_route=\/wp\/v2\/pages\/55\/revisions"}],"predecessor-version":[{"id":1080,"href":"https:\/\/censorsekretariatet.dk\/index.php?rest_route=\/wp\/v2\/pages\/55\/revisions\/1080"}],"wp:attachment":[{"href":"https:\/\/censorsekretariatet.dk\/index.php?rest_route=%2Fwp%2Fv2%2Fmedia&parent=55"}],"curies":[{"name":"wp","href":"https:\/\/api.w.org\/{rel}","templated":true}]}}