{"id":67,"date":"2025-03-18T14:36:25","date_gmt":"2025-03-18T13:36:25","guid":{"rendered":"https:\/\/censorsekretariatet.censorum.dk\/?page_id=67"},"modified":"2026-04-16T13:00:27","modified_gmt":"2026-04-16T11:00:27","slug":"information-til-ansoeger","status":"publish","type":"page","link":"https:\/\/censorsekretariatet.dk\/?page_id=67","title":{"rendered":"Information til ans\u00f8ger"},"content":{"rendered":"\n<p>For at blive censor p\u00e5 en given uddannelse skal du sende en beskikkelsesans\u00f8gning til censorledelsen. Herefter kan censorledelsen indstille dig til beskikkelse ved Uddannelses- og Forskningsstyrelsen. Som censor beskikkes du inden for en fire-\u00e5rig periode. <br><br>Den nuv\u00e6rende beskikkelsesperiode str\u00e6kker sig frem til den 30. september 2029.<\/p>\n\n\n\n<p>Censorinstitutionen beskikker hvert fjerde \u00e5r censorer til beskikkelse i varetagelsen af ekstern censur. Der er i princippet, i henhold til g\u00e6ldende lov, mulighed for l\u00f8bende optag af censorer, s\u00e5fremt censorledelsens vurdering af censorkorpsets st\u00f8rrelse begrunder dette.<\/p>\n\n\n\n<p>Der kan v\u00e6re flere \u00e5rsager til l\u00f8bende at foretage rekruttering, fx kan der p\u00e5 uddannelserne ske en revurdering af de eksterne pr\u00f8vers indhold, s\u00e5 det bliver n\u00f8dvendigt at supplere med nye censorer eller endda revurdere de allerede beskikkede censorers faglighed. Endvidere kan der v\u00e6re et reelt mangel af censorer, hvorfor en ans\u00f8gning vurderes hurtigst muligt.<\/p>\n\n\n\n<p>I de tilf\u00e6lde hvor der er mangel p\u00e5 censorer, vurderes censorerne l\u00f8bende af censorledelsen i samarbejde med uddannelsesinstitutionerne, hvorefter de sendes til endelig vurdering i Uddannelses- og Forskningsstyrelsen. Efter den endelige vurdering vil Censorsekretariatets administration sende et beskikkelsesbrev til de ny- eller genbeskikkede censorer.<\/p>\n\n\n\n<p><strong>Hvilke uddannelser kan der s\u00f8ges til?<\/strong><\/p>\n\n\n\n<p>Er du interesseret i at blive beskikket censor, kan du ans\u00f8ge her:&nbsp;<a href=\"https:\/\/censorum.dk\/loginchoice?returnUrl=https%3a%2f%2fcensorum.dk%2fansoegning%2fkunde%2f3\">Censorum<\/a><\/p>\n\n\n\n<p>N\u00e5r vi n\u00e6rmer os perioden, hvortil der skal dannes nye censorkorps, vil du modtage en besked fra sekretariatet med oplysninger om, hvordan du ans\u00f8ger. Denne proces foreg\u00e5r forud for periodens begyndelse.<br><br><strong>OBS:&nbsp;<\/strong>V\u00e6r opm\u00e6rksom p\u00e5, at du som ans\u00f8ger ikke har krav p\u00e5 at f\u00e5 beskikkelse. Derudover findes der heller ikke et retskrav, der frems\u00e6tter, at du som beskikket censor er sikker p\u00e5 at blive allokeret til pr\u00f8ver.<\/p>\n\n\n<div ><style>#sp-ea-388 .spcollapsing { height: 0; overflow: hidden; transition-property: height;transition-duration: 300ms;}#sp-ea-388.sp-easy-accordion>.sp-ea-single {margin-bottom: 10px; border: 1px none #e2e2e2; }#sp-ea-388.sp-easy-accordion>.sp-ea-single>.ea-header a {color: #444;}#sp-ea-388.sp-easy-accordion>.sp-ea-single>.sp-collapse>.ea-body {background: #fff; color: #444;}#sp-ea-388.sp-easy-accordion>.sp-ea-single {background: #ffffff;}#sp-ea-388.sp-easy-accordion>.sp-ea-single>.ea-header a .ea-expand-icon { float: left; color: #444;font-size: 16px;}<\/style><div id=\"sp_easy_accordion-1768209130\"><div id=\"sp-ea-388\" class=\"sp-ea-one sp-easy-accordion\" data-ea-active=\"ea-click\" data-ea-mode=\"vertical\" data-preloader=\"\" data-scroll-active-item=\"\" data-offset-to-scroll=\"0\"><div class=\"ea-card sp-ea-single\"><h3 class=\"ea-header\"><a class=\"collapsed\" id=\"ea-header-3880\" role=\"button\" data-sptoggle=\"spcollapse\" data-sptarget=\"#collapse3880\" aria-controls=\"collapse3880\" href=\"#\" aria-expanded=\"false\" tabindex=\"0\"><i aria-hidden=\"true\" role=\"presentation\" class=\"ea-expand-icon eap-icon-ea-expand-plus\"><\/i> Information om ans\u00f8gning til beskikkelse<\/a><\/h3><div class=\"sp-collapse spcollapse spcollapse\" id=\"collapse3880\" data-parent=\"#sp-ea-388\" role=\"region\" aria-labelledby=\"ea-header-3880\"> <div class=\"ea-body\"><p>Du kan l\u00e6se mere om, hvilke uddannelser Censorsekretariatet varetager samt indholdet af disse under fanen \u2018Uddannelsernes indhold\u2019.<\/p><style>#sp-ea-922 .spcollapsing { height: 0; overflow: hidden; transition-property: height;transition-duration: 300ms;}#sp-ea-922.sp-easy-accordion>.sp-ea-single {margin-bottom: 10px; border: 1px none #e2e2e2; }#sp-ea-922.sp-easy-accordion>.sp-ea-single>.ea-header a {color: #444;}#sp-ea-922.sp-easy-accordion>.sp-ea-single>.sp-collapse>.ea-body {background: #fff; color: #444;}#sp-ea-922.sp-easy-accordion>.sp-ea-single {background: #ffffff;}#sp-ea-922.sp-easy-accordion>.sp-ea-single>.ea-header a .ea-expand-icon { float: left; color: #444;font-size: 16px;}<\/style><div id=\"sp_easy_accordion-1776082115\"><div id=\"sp-ea-922\" class=\"sp-ea-one sp-easy-accordion\" data-ea-active=\"ea-click\" data-ea-mode=\"vertical\" data-preloader=\"\" data-scroll-active-item=\"\" data-offset-to-scroll=\"0\"><div class=\"ea-card sp-ea-single\"><h3 class=\"ea-header\"><a class=\"collapsed\" id=\"ea-header-9220\" role=\"button\" data-sptoggle=\"spcollapse\" data-sptarget=\"#collapse9220\" aria-controls=\"collapse9220\" href=\"#\" aria-expanded=\"false\" tabindex=\"0\"><i aria-hidden=\"true\" role=\"presentation\" class=\"ea-expand-icon eap-icon-ea-expand-plus\"><\/i> Information til institutionerne<\/a><\/h3><div class=\"sp-collapse spcollapse spcollapse\" id=\"collapse9220\" data-parent=\"#sp-ea-922\" role=\"region\" aria-labelledby=\"ea-header-9220\"> <div class=\"ea-body\"><p>I forbindelse med afholdelse af valg p\u00e5 Danske Erhvervsakademiers fuldtids- og deltidsuddannelser \u00f8nsker Censorsekretariatet at etablere en faglig proces s\u00e5ledes, at der p\u00e5 sigt tages de n\u00f8dvendige hensyn til udpegning af censorer til eksterne pr\u00f8ver. Det er vigtigt, at der her er et korrekt match imellem den eksterne pr\u00f8ves l\u00e6ringsm\u00e5l og censors kvalifikationer. Uddannelsesinstitutionerne skal have mulighed for at prioritere de fagligt bedste censorer. Prioritering af den bedste faglige censor har rod i valgets begyndelse, herunder beskikkelse af censorer, hvorfor denne henvendelse ogs\u00e5 skal forst\u00e5s som et vigtig led i den samlede kvalitetssikring for censorinstitutionen.<\/p><p>I etablering af et censorkorps sondres der imellem to typer af censorer &#8211; de som udspringer af institutionerne, herunder institutionscensorer, og de som udspringer af erhvervssektoren, herunder aftagercensorer. I den forbindelse er det vigtigt, at institutionerne r\u00e5df\u00f8rer sig med censorledelserne, s\u00e5ledes der bliver indstillet en passende m\u00e6ngde censorer i forhold til eksterne pr\u00f8ver til n\u00e6stkommende 4-\u00e5rige periode. Alle indstillede censorer bliver fagligt vurderet af censorledelserne forud for indsendelse til Uddannelses- og Forskningsstyrelsen for endelig beskikkelse.<\/p><p>Censorledelsernes opgave er at sikre det faglige match imellem den eksterne pr\u00f8ves l\u00e6ringsm\u00e5l og censors kvalifikationer, inden anmodning om beskikkelse sendes til Styrelsen. Det skal desuden tilstr\u00e6bes, at der er en ligelig fordeling af mandlige og kvindelige censorer i censorkorpsene, jf. censorbekendtg\u00f8relsen.<\/p><p>S\u00e5fremt at I som uddannelsesinstitution, r\u00e5df\u00f8rer jer med censorledelsen i forbindelse med etablering af kommende censorkorps, har I en forsikring om altid at f\u00e5 den bedst faglige censor ud til kommende eksterne pr\u00f8ver. Som uddannelsesinstitution er I ogs\u00e5 altid velkomne til at kontakte Censorsekretariatet vedr. indstilling af censorer.<\/p><\/div><\/div><\/div><div class=\"ea-card sp-ea-single\"><h3 class=\"ea-header\"><a class=\"collapsed\" id=\"ea-header-9221\" role=\"button\" data-sptoggle=\"spcollapse\" data-sptarget=\"#collapse9221\" aria-controls=\"collapse9221\" href=\"#\" aria-expanded=\"false\" tabindex=\"0\"><i aria-hidden=\"true\" role=\"presentation\" class=\"ea-expand-icon eap-icon-ea-expand-plus\"><\/i> Information til censorerne \/ (kommende) ans\u00f8gere<\/a><\/h3><div class=\"sp-collapse spcollapse spcollapse\" id=\"collapse9221\" data-parent=\"#sp-ea-922\" role=\"region\" aria-labelledby=\"ea-header-9221\"> <div class=\"ea-body\"><div><div id=\"cms_page_437_body\" class=\"level-3 cms-page-body\"><div><div id=\"cms_page_438_body\" class=\"level-5 cms-page-body\"><p><strong>Du ans\u00f8ger om beskikkelse under menupunktet &#8216;Ans\u00f8g om at blive censor her&#8217;<\/strong><\/p><p>For at vi eventuelt kan g\u00f8re brug af dig som censor i den kommende eller nuv\u00e6rende beskikkelsesperiode, skal du oprette en ans\u00f8gning under fanen\u00a0<em>&#8216;<\/em>Ans\u00f8g om at blive censor her&#8217;. Nedenfor kan du finde en vejledning til, hvordan du udfylder din ans\u00f8gning. Der er seks trin i ans\u00f8gningsprocessen.<\/p><p><strong>OBS:\u00a0<\/strong>Er du allerede oprettet som beskikket\/ans\u00f8ger i Censorsekretariatets IT-system, er dine tidligere data gemt i systemet. Derfor er s\u00e6rligt de to f\u00f8rste trin n\u00f8dvendige at tage stilling til i forbindelse med dit \u00f8nske om ny- eller genbeskikkelse, herunder stamdata og hvilke beskikkelser, du ans\u00f8ger. N\u00e5r alle seks trin alligevel er beskrevet nedenfor, er det fordi, at du som censor er forpligtet til at sikre, at alle data i din ans\u00f8gning er i overensstemmelse med din nuv\u00e6rende situation, herunder i forbindelse med besk\u00e6ftigelse, uddannelse, kendskab til uddannelsen m.m., versus studieordningens rammer og l\u00e6ringsm\u00e5l.<\/p><p>Det er vigtigt, at du som ans\u00f8ger kan dokumentere at have:<\/p><ul><li><em>Indg\u00e5ende og aktuelt kendskab til uddannelsens m\u00e5l og metoder<\/em><\/li><li><em>Specifik kompetence inden for et eller flere faglige delomr\u00e5der, som indg\u00e5r i uddannelsen<\/em><\/li><li><em>Aktuel viden om uddannelsens anvendelsesmuligheder samt kendskab til aftagernes situation og behov<\/em><\/li><\/ul><p>Ved dannelse af et nyt censorkorps skal der i henhold til censorbekendtg\u00f8relsen udskiftes mindst \u00e9n fjerdedel af det eksisterende censorkorps, hvorfor du som censor kan risikere ikke at genhverve din beskikkelse i den nye periode. Denne afbeskikkelse har intet med din faglighed at g\u00f8re. Er du derimod tidligere ans\u00f8ger uden ministeriel beskikkelse, har du mulighed for at blive beskikket til den nye valgperiode.<\/p><p>Det er censorledelsen, der r\u00e5dgiver Uddannelses- og Forskningsstyrelsen i beskikkelse af censorer. Forud for indstillingen til Styrelsen gennemg\u00e5r og vurderer censorledelserne censorernes ans\u00f8gninger. Censorledelsernes opgave er at sikre det faglige match imellem den eksterne pr\u00f8ves l\u00e6ringsm\u00e5l og censors kvalifikationer, inden en eventuel anmodning om beskikkelse sendes til Styrelsen.<\/p><p>Det er vigtigt, at du udfylder flest mulige informationer i din ans\u00f8gning, s\u00e5 du giver det bedst mulige grundlag for en vurdering af dine kompetencer, erfaringer og kvalifikationer. Det er desuden vigtigt, at dine kvalifikationer matcher den eksterne pr\u00f8ves l\u00e6ringsm\u00e5l.<\/p><p>I etablering af et censorkorps\u00a0<strong><em>sondres der mellem to typer af censorer &#8211; herunder institutionscensorer, som udspringer af institutionerne, og aftagercensorer, som udspringer af erhvervssektoren.<\/em><\/strong><\/p><p>N\u00e5r din ans\u00f8gning er indsendt, vil du modtage en kvittering herp\u00e5. Desuden vil du efterf\u00f8lgende &#8211; n\u00e5r din ans\u00f8gning er f\u00e6rdigbehandlet &#8211; modtage besked om hvorvidt din beskikkelsesans\u00f8gning godkendes eller afvises. Denne information vil du modtage p\u00e5 den mailadresse, du har oprettet ans\u00f8gningen med.<\/p><p>Informationsbrev i forbindelse med opstilling af kandidatur til censorledelsesvalget, som sker efter dannelsen af et censorkorps, vil blive sendt ud til alle beskikkede censorer. Informationsbrevet indeholder blandt andet al relevant information vedr\u00f8rende arbejdet i en censorledelse.<\/p><\/div><\/div><\/div><\/div><\/div><\/div><\/div><\/div><\/div><\/div><\/div><\/div><div class=\"ea-card sp-ea-single\"><h3 class=\"ea-header\"><a class=\"collapsed\" id=\"ea-header-3881\" role=\"button\" data-sptoggle=\"spcollapse\" data-sptarget=\"#collapse3881\" aria-controls=\"collapse3881\" href=\"#\" aria-expanded=\"false\" tabindex=\"0\"><i aria-hidden=\"true\" role=\"presentation\" class=\"ea-expand-icon eap-icon-ea-expand-plus\"><\/i> Hvordan ans\u00f8ger du bedst?<\/a><\/h3><div class=\"sp-collapse spcollapse spcollapse\" id=\"collapse3881\" data-parent=\"#sp-ea-388\" role=\"region\" aria-labelledby=\"ea-header-3881\"> <div class=\"ea-body\"><p>For at lette ans\u00f8gningsprocessen for dig har vi lavet en lille guide til, hvad du med fordel kan have klar, n\u00e5r du p\u00e5begynder din ans\u00f8gning.<\/p><p>Det vil v\u00e6re en fordel for dig, hvis du har f\u00f8lgende klar:<\/p><ul><li>Opdateret CV<\/li><li>Eksamensbevis<\/li><li>Kursusbevis<\/li><li>Eventuelt andre dokumenter der kan underst\u00f8tte din faglighed og kompetencer<\/li><li>Bevis for gennemf\u00f8relse af censoruddannelsen (dette kan du med fordel uploade i din ans\u00f8gning, da det vil blive medregnet i censorforpersonernes samlede vurdering)<\/li><\/ul><\/div><\/div><\/div><\/div><\/div><\/div>\n\n\n<p><\/p>\n","protected":false},"excerpt":{"rendered":"<p>For at blive censor p\u00e5 en given uddannelse skal du sende en beskikkelsesans\u00f8gning til censorledelsen. Herefter kan censorledelsen indstille dig til beskikkelse ved Uddannelses- og Forskningsstyrelsen. Som censor beskikkes du inden for en fire-\u00e5rig periode. Den nuv\u00e6rende beskikkelsesperiode str\u00e6kker sig frem til den 30. september 2029. Censorinstitutionen beskikker hvert fjerde \u00e5r censorer til beskikkelse i &#8230; <a title=\"Information til ans\u00f8ger\" class=\"read-more\" href=\"https:\/\/censorsekretariatet.dk\/?page_id=67\" aria-label=\"Read more about Information til ans\u00f8ger\">Read more<\/a><\/p>\n","protected":false},"author":3,"featured_media":0,"parent":0,"menu_order":0,"comment_status":"closed","ping_status":"closed","template":"","meta":{"footnotes":""},"class_list":["post-67","page","type-page","status-publish"],"_links":{"self":[{"href":"https:\/\/censorsekretariatet.dk\/index.php?rest_route=\/wp\/v2\/pages\/67","targetHints":{"allow":["GET"]}}],"collection":[{"href":"https:\/\/censorsekretariatet.dk\/index.php?rest_route=\/wp\/v2\/pages"}],"about":[{"href":"https:\/\/censorsekretariatet.dk\/index.php?rest_route=\/wp\/v2\/types\/page"}],"author":[{"embeddable":true,"href":"https:\/\/censorsekretariatet.dk\/index.php?rest_route=\/wp\/v2\/users\/3"}],"replies":[{"embeddable":true,"href":"https:\/\/censorsekretariatet.dk\/index.php?rest_route=%2Fwp%2Fv2%2Fcomments&post=67"}],"version-history":[{"count":16,"href":"https:\/\/censorsekretariatet.dk\/index.php?rest_route=\/wp\/v2\/pages\/67\/revisions"}],"predecessor-version":[{"id":1037,"href":"https:\/\/censorsekretariatet.dk\/index.php?rest_route=\/wp\/v2\/pages\/67\/revisions\/1037"}],"wp:attachment":[{"href":"https:\/\/censorsekretariatet.dk\/index.php?rest_route=%2Fwp%2Fv2%2Fmedia&parent=67"}],"curies":[{"name":"wp","href":"https:\/\/api.w.org\/{rel}","templated":true}]}}