{"id":88,"date":"2025-03-19T11:10:50","date_gmt":"2025-03-19T10:10:50","guid":{"rendered":"https:\/\/censorsekretariatet.censorum.dk\/?page_id=88"},"modified":"2026-03-13T10:14:45","modified_gmt":"2026-03-13T09:14:45","slug":"persondatabeskyttelse-gdpr","status":"publish","type":"page","link":"https:\/\/censorsekretariatet.dk\/?page_id=88","title":{"rendered":"Persondatabeskyttelse (GDPR)"},"content":{"rendered":"\n<p>Censorinstitutionen er omfattet af persondataforordningen (GDPR). Forordningen er en EU-lov, som bestemmer, hvordan personoplysninger skal behandles. N\u00e5r vi behandler personoplysninger, sker det altid p\u00e5 et lovligt grundlag \u2013 for eksempel med samtykke, for at opfylde en retlig forpligtelse eller i forbindelse med vores opgaver som offentlig institution. Vi sikrer, at oplysningerne behandles korrekt og opbevares sikkert, s\u00e5 dine data er beskyttet. Vi sikrer endvidere, at oplysningspligten overholdes gennem vores persondatapolitik.<\/p>\n\n\n\n<p class=\"has-accent-color has-text-color has-link-color wp-elements-ac5127aecf1effe8658f48871df1ad1c\" style=\"font-size:20px\"><strong>Hvad er personoplysninger?<\/strong><\/p>\n\n\n\n<p><strong>Personoplysninger<\/strong> er alle oplysninger, der kan bruges til at identificere en person &#8211; enten direkte eller indirekte.<\/p>\n\n\n\n<p>Det kan f.eks. v\u00e6re:<\/p>\n\n\n\n<ul class=\"wp-block-list\">\n<li>Navn<\/li>\n\n\n\n<li>Adresse<\/li>\n\n\n\n<li>Telefonnummer<\/li>\n\n\n\n<li>IP-adresse<\/li>\n\n\n\n<li>N\u00f8glebriksnummer<\/li>\n<\/ul>\n\n\n\n<p class=\"has-accent-color has-text-color has-link-color wp-elements-a9178ecc3f9a261f4b53eaaba77f56bf\" style=\"font-size:20px\"><strong>S\u00e5dan skal vi behandle personoplysninger<\/strong><\/p>\n\n\n\n<p>N\u00e5r vi behandler personoplysninger, skal vi f\u00f8lge en r\u00e6kke grundl\u00e6ggende principper i forordningen &#8211; herunder bl.a.:<\/p>\n\n\n\n<ul class=\"wp-block-list\">\n<li>Kun indsamle det n\u00f8dvendige (dataminimering)<\/li>\n\n\n\n<li>Have et lovligt form\u00e5l<\/li>\n\n\n\n<li>Slette oplysninger, n\u00e5r de ikke l\u00e6ngere er relevante<\/li>\n<\/ul>\n\n\n\n<p>Vi skal altid have et <strong>behandlingsgrundlag<\/strong> &#8211; det kan f.eks. v\u00e6re:<\/p>\n\n\n\n<ul class=\"wp-block-list\">\n<li>Et legitimt form\u00e5l<\/li>\n\n\n\n<li>En juridisk forpligtelse<\/li>\n\n\n\n<li>Et samtykke<\/li>\n<\/ul>\n\n\n\n<p>Hvis vi indhenter samtykke, skal det v\u00e6re:<\/p>\n\n\n\n<ul class=\"wp-block-list\">\n<li>Frivilligt<\/li>\n\n\n\n<li>Utvetydigt<\/li>\n\n\n\n<li>Konkret og informeret<\/li>\n<\/ul>\n\n\n\n<p>Vi har ogs\u00e5 pligt til at give oplysninger om, hvordan vi behandler persondata. Det g\u00f8r vi bl.a. via vores <strong>persondatapolitik<\/strong> (ogs\u00e5 kaldet privatlivspolitik).<\/p>\n\n\n\n<p class=\"has-accent-color has-text-color has-link-color wp-elements-89eb6aa2a9529a0d54bb9bc92f5dd01c\" style=\"font-size:20px\"><strong>Almindelige og f\u00f8lsomme oplysninger<\/strong><\/p>\n\n\n\n<p>Der skelnes mellem <strong>almindelige<\/strong> og <strong>f\u00f8lsomme personoplysninger<\/strong>.<\/p>\n\n\n\n<p><strong>F\u00f8lsomme personoplysninger<\/strong> omfatter oplysninger om:<\/p>\n\n\n\n<ul class=\"wp-block-list\">\n<li>Race eller etnisk oprindelse<\/li>\n\n\n\n<li>Politisk, religi\u00f8s eller filosofisk overbevisning<\/li>\n\n\n\n<li>Fagforeningstilh\u00f8rsforhold<\/li>\n\n\n\n<li>Genetiske eller biometriske data (bruges til entydig identifikation)<\/li>\n\n\n\n<li>Helbredsoplysninger<\/li>\n\n\n\n<li>Seksuelle forhold eller orienteringer<\/li>\n<\/ul>\n\n\n\n<p>Hvis en oplysning ikke h\u00f8rer til disse kategorier, regnes den som en <strong>almindelig personoplysning<\/strong>. <\/p>\n\n\n\n<p class=\"has-accent-color has-text-color has-link-color wp-elements-2ea5e8d29d427cb0925a37991f6987ae\" style=\"font-size:20px\"><strong>Mere information<\/strong><\/p>\n\n\n\n<p>Ovenst\u00e5ende er kun et uddrag af reglerne. Du kan l\u00e6se mere i: <\/p>\n\n\n\n<ul class=\"wp-block-list\">\n<li><strong>Persondataforordningen (GDPR):<\/strong> <a href=\"https:\/\/eur-lex.europa.eu\/legal-content\/DA\/TXT\/PDF\/?uri=CELEX:32016R0679&amp;from=DA\" target=\"_blank\" rel=\"noreferrer noopener\">Persondataforordningen<\/a><\/li>\n\n\n\n<li><strong>Vejledning om h\u00e5ndtering af brud p\u00e5 persondatasikkerheden:<\/strong> <a href=\"https:\/\/www.datatilsynet.dk\/Media\/637886298435856391\/H%c3%a5ndtering%20af%20brud%20p%c3%a5%20persondatasikkerheden.pdf\" target=\"_blank\" rel=\"noreferrer noopener\">Vejledning om h\u00e5ndtering af brud p\u00e5 persondatasikkerheden<\/a><\/li>\n<\/ul>\n\n\n<div ><style>#sp-ea-647 .spcollapsing { height: 0; overflow: hidden; transition-property: height;transition-duration: 300ms;}#sp-ea-647.sp-easy-accordion>.sp-ea-single {margin-bottom: 10px; border: 1px none #e2e2e2; }#sp-ea-647.sp-easy-accordion>.sp-ea-single>.ea-header a {color: #444;}#sp-ea-647.sp-easy-accordion>.sp-ea-single>.sp-collapse>.ea-body {background: #fff; color: #444;}#sp-ea-647.sp-easy-accordion>.sp-ea-single {background: #ffffff;}#sp-ea-647.sp-easy-accordion>.sp-ea-single>.ea-header a .ea-expand-icon { float: left; color: #444;font-size: 16px;}<\/style><div id=\"sp_easy_accordion-1771415267\"><div id=\"sp-ea-647\" class=\"sp-ea-one sp-easy-accordion\" data-ea-active=\"ea-click\" data-ea-mode=\"vertical\" data-preloader=\"\" data-scroll-active-item=\"\" data-offset-to-scroll=\"0\"><div class=\"ea-card sp-ea-single\"><h3 class=\"ea-header\"><a class=\"collapsed\" id=\"ea-header-6470\" role=\"button\" data-sptoggle=\"spcollapse\" data-sptarget=\"#collapse6470\" aria-controls=\"collapse6470\" href=\"#\" aria-expanded=\"false\" tabindex=\"0\"><i aria-hidden=\"true\" role=\"presentation\" class=\"ea-expand-icon eap-icon-ea-expand-plus\"><\/i> H\u00e5ndtering af IT-sikkerhedsh\u00e6ndelser &#8211; herunder databrud<\/a><\/h3><div class=\"sp-collapse spcollapse spcollapse\" id=\"collapse6470\" data-parent=\"#sp-ea-647\" role=\"region\" aria-labelledby=\"ea-header-6470\"> <div class=\"ea-body\"><p>N\u00e5r der sker et databrud ved Censorsekretariatet eller ved de interessenter, vi samarbejder med, er det vigtigt, at der handles hurtigt, og at de korrekte personer bliver involveret.<\/p><p>Nedenst\u00e5ende punkter er et overblik over handlinger, der skal fortages ved et databrud.<\/p><p>Et databrud er et brud p\u00e5 sikkerheden, der f\u00f8rer til h\u00e6ndelig eller ulovlig videregivelse af eller adgang til persondataoplysninger, man ikke har en faglig eller saglig begrundelse for at tilg\u00e5.<\/p><p>Hvis det sker, skal f\u00f8lgende gennemf\u00f8res:<\/p><ul><li>Den dataansvarlige skal vurdere om, og i givet fald hvordan, de ber\u00f8rte personer skal underrettes.<\/li><li>Den dataansvarlige skal rydde op efter databruddet og yderligere fors\u00f8ge at begr\u00e6nse skadesvirkningen heraf.<\/li><li>Ved fejlagtig udlevering af personoplysninger skal man s\u00f8rge for enten at f\u00e5 tilbageleveret de fejlagtigt udleverede oplysninger eller f\u00e5 dem destrueret hos modtager.<\/li><li>Der skal rapporteres inden for 72 timer til datatilsynet i forhold til selve h\u00e6ndelsen, oprydningsarbejdet samt det forebyggende arbejde.<\/li><\/ul><p>Censorsekretariatet vil altid v\u00e6re behj\u00e6lpelig med h\u00e5ndtering af databrud.<\/p><style>#sp-ea-852 .spcollapsing { height: 0; overflow: hidden; transition-property: height;transition-duration: 300ms;}#sp-ea-852.sp-easy-accordion>.sp-ea-single {margin-bottom: 10px; border: 1px none #ffffff; }#sp-ea-852.sp-easy-accordion>.sp-ea-single>.ea-header a {color: #444;}#sp-ea-852.sp-easy-accordion>.sp-ea-single>.sp-collapse>.ea-body {background: #fff; color: #444;}#sp-ea-852.sp-easy-accordion>.sp-ea-single {background: #ffffff;}#sp-ea-852.sp-easy-accordion>.sp-ea-single>.ea-header a .ea-expand-icon { float: left; color: #444;font-size: 16px;}<\/style><div id=\"sp_easy_accordion-1774533491\"><div id=\"sp-ea-852\" class=\"sp-ea-one sp-easy-accordion\" data-ea-active=\"ea-click\" data-ea-mode=\"vertical\" data-preloader=\"\" data-scroll-active-item=\"\" data-offset-to-scroll=\"0\"><div class=\"ea-card sp-ea-single\"><h3 class=\"ea-header\"><a class=\"collapsed\" id=\"ea-header-8520\" role=\"button\" data-sptoggle=\"spcollapse\" data-sptarget=\"#collapse8520\" aria-controls=\"collapse8520\" href=\"#\" aria-expanded=\"false\" tabindex=\"0\"><i aria-hidden=\"true\" role=\"presentation\" class=\"ea-expand-icon eap-icon-ea-expand-plus\"><\/i> Proces i forbindelse med databrud<\/a><\/h3><div class=\"sp-collapse spcollapse spcollapse\" id=\"collapse8520\" data-parent=\"#sp-ea-852\" role=\"region\" aria-labelledby=\"ea-header-8520\"> <div class=\"ea-body\"><p>Dataansvarlige skal dokumentere de faktiske omst\u00e6ndigheder ved bruddet, dets virkning og de afhj\u00e6lpende omst\u00e6ndigheder. Det er i den forbindelse uden betydning, om bruddet er af en s\u00e5dan karakter, at den dataansvarlige er forpligtet til at melde det til datatilsynet eller ej. Er der vurderet, at bruddet ikke skal anmeldes, skal den dataansvarlige opbevare disse oplysninger. Form\u00e5let med denne dokumentationspligt er at s\u00e6tte datatilsynet i stand til at kontrollere, om forpligtelsen i databeskyttelsesforordningen til at anmelde visse brud p\u00e5 persondatasikkerheden er overholdt.<\/p><p>Dokumentationen skal imidlertid i alle tilf\u00e6lde indeholde en r\u00e6kke informationer om bruddet. Herunder de faktiske omst\u00e6ndigheder ved bruddet, dets virkninger og de trufne afhj\u00e6lpende foranstaltninger. Kravene til dokumentationen kan ogs\u00e5 opstilles s\u00e5ledes:<\/p><ul><li>Dato og tidspunkt for bruddet<\/li><li>Hvad skete der i forbindelse med bruddet?<\/li><li>Hvad er \u00e5rsagen til bruddet?<\/li><li>Hvilke (typer) personoplysninger er omfattet af bruddet?<\/li><li>Hvilke konsekvenser har bruddet for de ber\u00f8rte personer?<\/li><li>Hvilke afhj\u00e6lpende foranstaltninger er truffet?<\/li><li>Hvorvidt der er sket en anmeldelse til datatilsynet eller ej?<br \/><img loading=\"lazy\" decoding=\"async\" class=\"alignnone wp-image-853\" src=\"https:\/\/censorsekretariatet.censorum.dk\/wp-content\/uploads\/2026\/03\/Flow-ved-databrud-300x212.jpg\" alt=\"\" width=\"526\" height=\"372\" srcset=\"https:\/\/censorsekretariatet.dk\/wp-content\/uploads\/2026\/03\/Flow-ved-databrud-300x212.jpg 300w, https:\/\/censorsekretariatet.dk\/wp-content\/uploads\/2026\/03\/Flow-ved-databrud-1024x724.jpg 1024w, https:\/\/censorsekretariatet.dk\/wp-content\/uploads\/2026\/03\/Flow-ved-databrud-768x543.jpg 768w, https:\/\/censorsekretariatet.dk\/wp-content\/uploads\/2026\/03\/Flow-ved-databrud-1536x1086.jpg 1536w, https:\/\/censorsekretariatet.dk\/wp-content\/uploads\/2026\/03\/Flow-ved-databrud.jpg 1754w\" sizes=\"auto, (max-width: 526px) 100vw, 526px\" \/><\/li><\/ul><\/div><\/div><\/div><\/div><\/div><\/div><\/div><\/div><div class=\"ea-card sp-ea-single\"><h3 class=\"ea-header\"><a class=\"collapsed\" id=\"ea-header-6471\" role=\"button\" data-sptoggle=\"spcollapse\" data-sptarget=\"#collapse6471\" aria-controls=\"collapse6471\" href=\"#\" aria-expanded=\"false\" tabindex=\"0\"><i aria-hidden=\"true\" role=\"presentation\" class=\"ea-expand-icon eap-icon-ea-expand-plus\"><\/i> Send sikker post via e-boks<\/a><\/h3><div class=\"sp-collapse spcollapse spcollapse\" id=\"collapse6471\" data-parent=\"#sp-ea-647\" role=\"region\" aria-labelledby=\"ea-header-6471\"> <div class=\"ea-body\"><p>Hvis du skal sende sikker post til Censorsekretariatet, kan du benytte din e-boks til at sende fra. P\u00e5 denne m\u00e5de er du garanteret, at din forbindelse er sikker, og at dine data ikke bliver kompromitteret. Da Censorsekretariatet er forankret ved University College Nordjylland (UCN), vil det v\u00e6re deres hovedpostkasse (v\u00e6lg UCN som modtager), som du sender din sikker post til. Derfor er det ogs\u00e5 vigtigt, at du skriver att.: Censorsekretariatet.<\/p><p><a href=\"https:\/\/censorsekretariatet.censorum.dk\/wp-content\/uploads\/2026\/02\/Vejledning-til-at-sende-sikker-post-via-e-boks-1.pdf\" target=\"_blank\" rel=\"noopener\">Klik her for at se vejledning til at sende sikker post via din e-boks<\/a><\/p><\/div><\/div><\/div><div class=\"ea-card sp-ea-single\"><h3 class=\"ea-header\"><a class=\"collapsed\" id=\"ea-header-6472\" role=\"button\" data-sptoggle=\"spcollapse\" data-sptarget=\"#collapse6472\" aria-controls=\"collapse6472\" href=\"#\" aria-expanded=\"false\" tabindex=\"0\"><i aria-hidden=\"true\" role=\"presentation\" class=\"ea-expand-icon eap-icon-ea-expand-plus\"><\/i> Dine personoplysninger og rettigheder<\/a><\/h3><div class=\"sp-collapse spcollapse spcollapse\" id=\"collapse6472\" data-parent=\"#sp-ea-647\" role=\"region\" aria-labelledby=\"ea-header-6472\"> <div class=\"ea-body\"><p><strong>Dine stamoplysninger kan f.eks. v\u00e6re f\u00f8lgende personoplysninger<\/strong><\/p><ul><li>Navn<\/li><li>CPR-nr.<\/li><li>Adresse<\/li><li>Kontaktoplysninger<\/li><li>Bruger-ID<\/li><li>Uddannelse<\/li><li>M.fl.<\/li><\/ul><p><strong>Hvor stammer dine personoplysninger fra, og hvem har adgang til disse?<\/strong><\/p><p>Dine personoplysninger stammer bl.a. fra:<\/p><ul><li>Din ans\u00f8gning om beskikkelse<ul><li>Censorsekretariatet<\/li><li>Censorledelsen<\/li><li>Uddannelses- og Forskningsstyrelsen<\/li><\/ul><\/li><li>Registrering p\u00e5 venteliste<ul><li>Censorsekretariatet<\/li><\/ul><\/li><li>Oplysninger du giver i forbindelse med pauseperioder<ul><li>Censorsekretariatet<\/li><\/ul><\/li><li>CPR-registret<ul><li>CPR-registret<\/li><li>Censorsekretariatet<\/li><\/ul><\/li><\/ul><p><strong>Dine rettigheder<\/strong><\/p><p>Du har efter databeskyttelsesforordningen en r\u00e6kke rettigheder i forhold til behandling af oplysninger om dig. S\u00e5fremt du vil benytte dig af disse rettigheder, skal du kontakte os.<\/p><p>Rettighederne er:<\/p><ul><li>Ret til at se de oplysninger, vi behandler om dig (indsigtsret)<\/li><li>Ret til berigtigelse (rettelse)<ul><li>Ret til at f\u00e5 rettet vigtige oplysninger om dig selv<\/li><\/ul><\/li><li>Ret til sletning<ul><li>I s\u00e6rlige tilf\u00e6lde har du ret til at f\u00e5 slettet oplysninger om dig, inden tidspunktet for hvorn\u00e5r vores normalt generelle sletning indtr\u00e6ffer<\/li><\/ul><\/li><li>Ret til begr\u00e6nsning af behandling<ul><li>I visse tilf\u00e6lde har du ret til at f\u00e5 behandlingen af dine personoplysninger begr\u00e6nset. Hvis du har ret til at f\u00e5 begr\u00e6nset behandlingen, m\u00e5 vi fremover kun behandle oplysninger (bortset fra opbevaring) med dit samtykke eller med henblik p\u00e5, at retskrav kan fastl\u00e6gges, g\u00f8res g\u00e6ldende eller forsvares, eller for at beskytte en person eller vigtige samfundsinteresser<\/li><\/ul><\/li><li>Ret til indsigelse<ul><li>Du har i visse tilf\u00e6lde ret til at g\u00f8re indsigelse mod vores eller lovlig behandling af dine personoplysninger<\/li><\/ul><\/li><li>Ret til at transmittere oplysninger (dataportabilitet)<ul><li>Du har i visse tilf\u00e6lde ret til at modtage dine personoplysninger i et struktureret, almindeligt anvendt og maskinl\u00e6sbart format samt at f\u00e5 overf\u00f8rt disse personoplysninger fra \u00e9n dataansvarlig til en anden uden hindring<\/li><\/ul><\/li><\/ul><p><strong>Uf\u00e6rdig beskikkelsesans\u00f8gning<\/strong><\/p><p>F\u00e6rdigg\u00f8res din ans\u00f8gning <strong>ikke<\/strong> inden ans\u00f8gningsperiodens udl\u00f8b, vil den, og alle indtastede oplysninger, blive slettet 14 dage efter denne dato, jf. GDPR. S\u00e5fremt du har oprettet en profil i Censorum i forbindelse med den p\u00e5begyndte ans\u00f8gning, vil denne ogs\u00e5 blive slettet, jf. GDPR.<\/p><\/div><\/div><\/div><div class=\"ea-card sp-ea-single\"><h3 class=\"ea-header\"><a class=\"collapsed\" id=\"ea-header-6473\" role=\"button\" data-sptoggle=\"spcollapse\" data-sptarget=\"#collapse6473\" aria-controls=\"collapse6473\" href=\"#\" aria-expanded=\"false\" tabindex=\"0\"><i aria-hidden=\"true\" role=\"presentation\" class=\"ea-expand-icon eap-icon-ea-expand-plus\"><\/i> Opbevaring af klagesager over censorer<\/a><\/h3><div class=\"sp-collapse spcollapse spcollapse\" id=\"collapse6473\" data-parent=\"#sp-ea-647\" role=\"region\" aria-labelledby=\"ea-header-6473\"> <div class=\"ea-body\"><p>I forbindelse med en eksamen er det vigtigt, at censor og eksaminator udfylder en censor-\/eksaminatorrapport om forl\u00f8bet efter eksamens afslutning, da indholdet i rapporterne bl.a. kan v\u00e6re grundlag for en eventuel klagesag.<\/p><p><strong>I forbindelse med klagesager over censorer er sagsbehandlingsprocessen som f\u00f8lgende:<\/strong><\/p><ol><li>Klagen kan evt. blive beskrevet i en mail til Censorsekretariatet eller i en eksaminatorrapport.<\/li><li>Klagen sendes automatisk videre til censorledelsen for omr\u00e5det.<\/li><li>Censor vil herefter blive kontaktet enten telefonisk eller p\u00e5 mail af censorledelsen mht. b\u00e5de at orientere censor om klagen samt foretage en partsh\u00f8ring.<\/li><li>Den p\u00e5g\u00e6ldende censorledelse kan herefter v\u00e6lge, om censor skal indstilles til afbeskikkelse ved Styrelsen.<\/li><\/ol><p>Klagesager kan bl.a. handle om brud p\u00e5 dekorum\/v\u00e6rdighedskravet eller p\u00e5 lovgivningen inden for censorinstitutionen.<\/p><p>Ved klagesager opbevarer Censorsekretariatet kun det materiale, der bliver brugt i klagesagen. Det kan eksempelvis v\u00e6re den officielle klage, eksaminatorrapporter og\/eller afg\u00f8relser. Materialet bliver opbevaret i den indev\u00e6rende og tidligere periode i et digitalt journaliseringssystem.<\/p><\/div><\/div><\/div><\/div><\/div><\/div>","protected":false},"excerpt":{"rendered":"<p>Censorinstitutionen er omfattet af persondataforordningen (GDPR). Forordningen er en EU-lov, som bestemmer, hvordan personoplysninger skal behandles. N\u00e5r vi behandler personoplysninger, sker det altid p\u00e5 et lovligt grundlag \u2013 for eksempel med samtykke, for at opfylde en retlig forpligtelse eller i forbindelse med vores opgaver som offentlig institution. Vi sikrer, at oplysningerne behandles korrekt og opbevares &#8230; <a title=\"Persondatabeskyttelse (GDPR)\" class=\"read-more\" href=\"https:\/\/censorsekretariatet.dk\/?page_id=88\" aria-label=\"Read more about Persondatabeskyttelse (GDPR)\">Read more<\/a><\/p>\n","protected":false},"author":1,"featured_media":0,"parent":0,"menu_order":0,"comment_status":"closed","ping_status":"closed","template":"","meta":{"footnotes":""},"class_list":["post-88","page","type-page","status-publish"],"_links":{"self":[{"href":"https:\/\/censorsekretariatet.dk\/index.php?rest_route=\/wp\/v2\/pages\/88","targetHints":{"allow":["GET"]}}],"collection":[{"href":"https:\/\/censorsekretariatet.dk\/index.php?rest_route=\/wp\/v2\/pages"}],"about":[{"href":"https:\/\/censorsekretariatet.dk\/index.php?rest_route=\/wp\/v2\/types\/page"}],"author":[{"embeddable":true,"href":"https:\/\/censorsekretariatet.dk\/index.php?rest_route=\/wp\/v2\/users\/1"}],"replies":[{"embeddable":true,"href":"https:\/\/censorsekretariatet.dk\/index.php?rest_route=%2Fwp%2Fv2%2Fcomments&post=88"}],"version-history":[{"count":7,"href":"https:\/\/censorsekretariatet.dk\/index.php?rest_route=\/wp\/v2\/pages\/88\/revisions"}],"predecessor-version":[{"id":743,"href":"https:\/\/censorsekretariatet.dk\/index.php?rest_route=\/wp\/v2\/pages\/88\/revisions\/743"}],"wp:attachment":[{"href":"https:\/\/censorsekretariatet.dk\/index.php?rest_route=%2Fwp%2Fv2%2Fmedia&parent=88"}],"curies":[{"name":"wp","href":"https:\/\/api.w.org\/{rel}","templated":true}]}}