{"id":91,"date":"2025-03-19T11:11:06","date_gmt":"2025-03-19T10:11:06","guid":{"rendered":"https:\/\/censorsekretariatet.censorum.dk\/?page_id=91"},"modified":"2026-04-17T09:53:34","modified_gmt":"2026-04-17T07:53:34","slug":"uddannelsesinstitutioner","status":"publish","type":"page","link":"https:\/\/censorsekretariatet.dk\/?page_id=91","title":{"rendered":"Uddannelsesinstitutioner"},"content":{"rendered":"\n<p>Erhvervsakademiernes Censorsekretariat samarbejder t\u00e6t med landets uddannelsesinstitutioner om at sikre h\u00f8j kvalitet, ensartethed og relevans i forbindelse med eksamensafholdelse. Sekretariatet fungerer som det koordinerende bindeled mellem censorer, censorledelser og uddannelsesinstitutioner og underst\u00f8tter de administrative processer i forbindelse med censur og eksamen.<\/p>\n\n\n\n<p>Samarbejdet omfatter blandt andet koordinering og fordeling af censoropgaver samt dialog om kvalitetssikring af uddannelserne. I samspil med censorledelserne bidrager sekretariatet til, at eksamener gennemf\u00f8res i overensstemmelse med g\u00e6ldende regler og med et ensartet fagligt niveau p\u00e5 tv\u00e6rs af uddannelsesinstitutioner.<\/p>\n\n\n\n<p>Samlet set er samarbejdet mellem uddannelsesinstitutionerne og Censorsekretariatet en central del af arbejdet med at sikre kvalitet, gennemsigtighed og tillid til de eksterne pr\u00f8ver.<\/p>\n\n\n\n<p><\/p>\n","protected":false},"excerpt":{"rendered":"<p>Erhvervsakademiernes Censorsekretariat samarbejder t\u00e6t med landets uddannelsesinstitutioner om at sikre h\u00f8j kvalitet, ensartethed og relevans i forbindelse med eksamensafholdelse. Sekretariatet fungerer som det koordinerende bindeled mellem censorer, censorledelser og uddannelsesinstitutioner og underst\u00f8tter de administrative processer i forbindelse med censur og eksamen. Samarbejdet omfatter blandt andet koordinering og fordeling af censoropgaver samt dialog om kvalitetssikring af &#8230; <a title=\"Uddannelsesinstitutioner\" class=\"read-more\" href=\"https:\/\/censorsekretariatet.dk\/?page_id=91\" aria-label=\"Read more about Uddannelsesinstitutioner\">Read more<\/a><\/p>\n","protected":false},"author":1,"featured_media":0,"parent":0,"menu_order":0,"comment_status":"closed","ping_status":"closed","template":"","meta":{"footnotes":""},"class_list":["post-91","page","type-page","status-publish"],"_links":{"self":[{"href":"https:\/\/censorsekretariatet.dk\/index.php?rest_route=\/wp\/v2\/pages\/91","targetHints":{"allow":["GET"]}}],"collection":[{"href":"https:\/\/censorsekretariatet.dk\/index.php?rest_route=\/wp\/v2\/pages"}],"about":[{"href":"https:\/\/censorsekretariatet.dk\/index.php?rest_route=\/wp\/v2\/types\/page"}],"author":[{"embeddable":true,"href":"https:\/\/censorsekretariatet.dk\/index.php?rest_route=\/wp\/v2\/users\/1"}],"replies":[{"embeddable":true,"href":"https:\/\/censorsekretariatet.dk\/index.php?rest_route=%2Fwp%2Fv2%2Fcomments&post=91"}],"version-history":[{"count":5,"href":"https:\/\/censorsekretariatet.dk\/index.php?rest_route=\/wp\/v2\/pages\/91\/revisions"}],"predecessor-version":[{"id":1061,"href":"https:\/\/censorsekretariatet.dk\/index.php?rest_route=\/wp\/v2\/pages\/91\/revisions\/1061"}],"wp:attachment":[{"href":"https:\/\/censorsekretariatet.dk\/index.php?rest_route=%2Fwp%2Fv2%2Fmedia&parent=91"}],"curies":[{"name":"wp","href":"https:\/\/api.w.org\/{rel}","templated":true}]}}