{"id":97,"date":"2025-03-19T11:12:01","date_gmt":"2025-03-19T10:12:01","guid":{"rendered":"https:\/\/censorsekretariatet.censorum.dk\/?page_id=97"},"modified":"2026-04-17T09:59:40","modified_gmt":"2026-04-17T07:59:40","slug":"kvalitetsudvalg","status":"publish","type":"page","link":"https:\/\/censorsekretariatet.dk\/?page_id=97","title":{"rendered":"Kvalitetsudvalg"},"content":{"rendered":"\n<div class=\"wp-block-group is-content-justification-left is-nowrap is-layout-flex wp-container-core-group-is-layout-f56a869c wp-block-group-is-layout-flex\">\n<p>Kvalitetsudvalgene er de medansvarlige og den udfarende kraft i akkrediteringsarbejdet p\u00e5 uddannelsesinstitutionerne. <br>Censorledelserne og Censorsekretariatet&nbsp;arbejder t\u00e6t sammen med kvalitetsudvalgene om at skabe den n\u00f8dvendige <br>kvalitet i styringen af kvalitetssikring og ensartethed p\u00e5 tv\u00e6rs af uddannelserne. <\/p>\n\n\n\n<figure class=\"wp-block-image size-full is-resized\"><img loading=\"lazy\" decoding=\"async\" width=\"476\" height=\"354\" src=\"https:\/\/censorsekretariatet.censorum.dk\/wp-content\/uploads\/2026\/04\/Logo-Kort.jpg\" alt=\"\" class=\"wp-image-968\" style=\"aspect-ratio:1.3447073364527236;width:105px;height:auto\" srcset=\"https:\/\/censorsekretariatet.dk\/wp-content\/uploads\/2026\/04\/Logo-Kort.jpg 476w, https:\/\/censorsekretariatet.dk\/wp-content\/uploads\/2026\/04\/Logo-Kort-300x223.jpg 300w\" sizes=\"auto, (max-width: 476px) 100vw, 476px\" \/><\/figure>\n<\/div>\n\n\n\n<div class=\"wp-block-group is-nowrap is-layout-flex wp-container-core-group-is-layout-ad2f72ca wp-block-group-is-layout-flex\">\n<p><br>Censorsekretariatet og censorledelserne arbejder t\u00e6t sammen med b\u00e5de erhvervsakademiernes- og professionsh\u00f8jskolernes kvalitetsudvalg. Censorledelserne er forpligtet til at sikre, at censorerne via deres censorrapporter bidrager til institutionsakkrediteringen, hvorfor censorrapporterne i praksis b\u00e5de er et bidrag til censorledelsernes \u00e5rsberetning samt til akkrediteringsarbejdet generelt<br><br>I henhold til eksamensbekendtg\u00f8relsen skal alle uddannelsesinstitutioner sikre, at censorkorpsets medlemmer har adgang til opdaterede oplysninger p\u00e5 deres hjemmeside, der vedr\u00f8rer de uddannelser og\/eller fag, som ber\u00f8rer censorernes virksomhed. Der skal bl.a. v\u00e6re adgang til eksamensbekendtg\u00f8relsen, karakterbekendtg\u00f8relsen og uddannelsens studieordning samt andet materiale, der har betydning for, at censorerne kan gennemf\u00f8re de eksterne eksaminer succesfuldt.<\/p>\n<\/div>\n\n\n\n<p><\/p>\n\n\n<div ><style>#sp-ea-710 .spcollapsing { height: 0; overflow: hidden; transition-property: height;transition-duration: 300ms;}#sp-ea-710.sp-easy-accordion>.sp-ea-single {margin-bottom: 10px; border: 1px none #e2e2e2; }#sp-ea-710.sp-easy-accordion>.sp-ea-single>.ea-header a {color: #444;}#sp-ea-710.sp-easy-accordion>.sp-ea-single>.sp-collapse>.ea-body {background: #fff; color: #444;}#sp-ea-710.sp-easy-accordion>.sp-ea-single {background: #ffffff;}#sp-ea-710.sp-easy-accordion>.sp-ea-single>.ea-header a .ea-expand-icon { float: left; color: #444;font-size: 16px;}<\/style><div id=\"sp_easy_accordion-1772187727\"><div id=\"sp-ea-710\" class=\"sp-ea-one sp-easy-accordion\" data-ea-active=\"ea-click\" data-ea-mode=\"vertical\" data-preloader=\"\" data-scroll-active-item=\"\" data-offset-to-scroll=\"0\"><div class=\"ea-card sp-ea-single\"><h3 class=\"ea-header\"><a class=\"collapsed\" id=\"ea-header-7100\" role=\"button\" data-sptoggle=\"spcollapse\" data-sptarget=\"#collapse7100\" aria-controls=\"collapse7100\" href=\"#\" aria-expanded=\"false\" tabindex=\"0\"><i aria-hidden=\"true\" role=\"presentation\" class=\"ea-expand-icon eap-icon-ea-expand-plus\"><\/i> Rapportering<\/a><\/h3><div class=\"sp-collapse spcollapse spcollapse\" id=\"collapse7100\" data-parent=\"#sp-ea-710\" role=\"region\" aria-labelledby=\"ea-header-7100\"> <div class=\"ea-body\"><p><strong>OBS. Nedenst\u00e5ende er under aktuelt under udvikling i vores nye IT-system, Censorum.<\/strong><\/p><p>P\u00e5 din profil finder du blandt andet censor- og eksaminatorrapporter for de enkelte pr\u00f8ver p\u00e5 de uddannelser, hvor du er i kvalitetsudvalg for egen institution. Disse har du mulighed for at s\u00f8ge frem fra en given periode. Du kan ligeledes s\u00f8ge en specifik rapport frem ved at s\u00f8ge p\u00e5 dennes pr\u00f8venummer.<\/p><p>Censor- og eksaminatorrapporter til samme pr\u00f8ve vil altid ligge efter hinanden i systemet, s\u00e5fremt begge er udfyldte. Som kvalitetskonsulent har du mulighed for at se f\u00f8lgende statistikker og data p\u00e5:<\/p><p><strong>Allokeringsstatistik<\/strong><\/p><ul><li>Antal pr\u00f8ver fordelt p\u00e5 fag\/kvalifikation<\/li><\/ul><p><strong>Rapporter<\/strong><\/p><ul><li>Censor- og eksaminatorrapporter<\/li><li>Opsummering af censorrapporter<\/li><li>Statistik for censorrapporter<\/li><\/ul><\/div><\/div><\/div><\/div><\/div><\/div>","protected":false},"excerpt":{"rendered":"<p>Kvalitetsudvalgene er de medansvarlige og den udfarende kraft i akkrediteringsarbejdet p\u00e5 uddannelsesinstitutionerne. Censorledelserne og Censorsekretariatet&nbsp;arbejder t\u00e6t sammen med kvalitetsudvalgene om at skabe den n\u00f8dvendige kvalitet i styringen af kvalitetssikring og ensartethed p\u00e5 tv\u00e6rs af uddannelserne. Censorsekretariatet og censorledelserne arbejder t\u00e6t sammen med b\u00e5de erhvervsakademiernes- og professionsh\u00f8jskolernes kvalitetsudvalg. Censorledelserne er forpligtet til at sikre, at censorerne &#8230; <a title=\"Kvalitetsudvalg\" class=\"read-more\" href=\"https:\/\/censorsekretariatet.dk\/?page_id=97\" aria-label=\"Read more about Kvalitetsudvalg\">Read more<\/a><\/p>\n","protected":false},"author":1,"featured_media":0,"parent":0,"menu_order":0,"comment_status":"closed","ping_status":"closed","template":"","meta":{"footnotes":""},"class_list":["post-97","page","type-page","status-publish"],"_links":{"self":[{"href":"https:\/\/censorsekretariatet.dk\/index.php?rest_route=\/wp\/v2\/pages\/97","targetHints":{"allow":["GET"]}}],"collection":[{"href":"https:\/\/censorsekretariatet.dk\/index.php?rest_route=\/wp\/v2\/pages"}],"about":[{"href":"https:\/\/censorsekretariatet.dk\/index.php?rest_route=\/wp\/v2\/types\/page"}],"author":[{"embeddable":true,"href":"https:\/\/censorsekretariatet.dk\/index.php?rest_route=\/wp\/v2\/users\/1"}],"replies":[{"embeddable":true,"href":"https:\/\/censorsekretariatet.dk\/index.php?rest_route=%2Fwp%2Fv2%2Fcomments&post=97"}],"version-history":[{"count":12,"href":"https:\/\/censorsekretariatet.dk\/index.php?rest_route=\/wp\/v2\/pages\/97\/revisions"}],"predecessor-version":[{"id":1062,"href":"https:\/\/censorsekretariatet.dk\/index.php?rest_route=\/wp\/v2\/pages\/97\/revisions\/1062"}],"wp:attachment":[{"href":"https:\/\/censorsekretariatet.dk\/index.php?rest_route=%2Fwp%2Fv2%2Fmedia&parent=97"}],"curies":[{"name":"wp","href":"https:\/\/api.w.org\/{rel}","templated":true}]}}